{"id":785,"date":"2024-11-14T14:28:46","date_gmt":"2024-11-14T14:28:46","guid":{"rendered":"https:\/\/cet-project.eu\/?page_id=785"},"modified":"2024-12-22T00:01:06","modified_gmt":"2024-12-22T00:01:06","slug":"m4-sr","status":"publish","type":"page","link":"https:\/\/cet-project.eu\/?page_id=785&lang=sr","title":{"rendered":"M4 &#8211; SR"},"content":{"rendered":"<p>[et_pb_section fb_built=&#8221;1&#8243; _builder_version=&#8221;4.24.0&#8243; _module_preset=&#8221;default&#8221; custom_padding=&#8221;25px||2px|||&#8221; global_colors_info=&#8221;{}&#8221;][et_pb_row make_equal=&#8221;on&#8221; _builder_version=&#8221;4.27.0&#8243; _module_preset=&#8221;default&#8221; global_colors_info=&#8221;{}&#8221;][et_pb_column type=&#8221;4_4&#8243; _builder_version=&#8221;4.24.0&#8243; _module_preset=&#8221;default&#8221; global_colors_info=&#8221;{}&#8221;][et_pb_heading title=&#8221;\tPregled praksi na evropskom nivou&#8221; _builder_version=&#8221;4.27.0&#8243; _module_preset=&#8221;default&#8221; title_font=&#8221;Carme|700|||||||&#8221; title_text_align=&#8221;center&#8221; title_text_color=&#8221;#167092&#8243; title_font_size=&#8221;50px&#8221; global_colors_info=&#8221;{}&#8221;][\/et_pb_heading][\/et_pb_column][\/et_pb_row][et_pb_row column_structure=&#8221;1_2,1_2&#8243; make_equal=&#8221;on&#8221; _builder_version=&#8221;4.27.0&#8243; _module_preset=&#8221;default&#8221; global_colors_info=&#8221;{}&#8221;][et_pb_column type=&#8221;1_2&#8243; _builder_version=&#8221;4.27.0&#8243; _module_preset=&#8221;default&#8221; global_colors_info=&#8221;{}&#8221;][et_pb_text _builder_version=&#8221;4.27.0&#8243; _module_preset=&#8221;default&#8221; text_font=&#8221;Carme||||||||&#8221; text_font_size=&#8221;18px&#8221; text_orientation=&#8221;justified&#8221; global_colors_info=&#8221;{}&#8221;]<\/p>\n<p>\u0160irom Evrope, mnoge omladinske organizacije se bore da budu saslu\u0161ane. Njihove strastvene vizije i va\u017ene inicijative \u010desto se izgube u gomili, \u0161to dovodi do frustriraju\u0107eg nedostatka uticaja. One te\u017ee da se pove\u017eu sa mladim ljudima koji dele njihove ciljeve, kao i sa lokalnim akterima koji bi mogli da ponude klju\u010dnu podr\u0161ku, pa \u010dak i pokrenu pozitivne promene.<\/p>\n<p>[\/et_pb_text][\/et_pb_column][et_pb_column type=&#8221;1_2&#8243; _builder_version=&#8221;4.27.0&#8243; _module_preset=&#8221;default&#8221; global_colors_info=&#8221;{}&#8221;][et_pb_text _builder_version=&#8221;4.27.0&#8243; _module_preset=&#8221;default&#8221; text_font=&#8221;Carme||||||||&#8221; text_font_size=&#8221;18px&#8221; text_orientation=&#8221;justified&#8221; global_colors_info=&#8221;{}&#8221;]<\/p>\n<p>Najnovija anketa pod nazivom <a href=\"https:\/\/ec.europa.eu\/commission\/presscorner\/detail\/en\/IP_21_6462\">Eurobarometer (European Commission, 2021)<\/a> pokazala je da zapanjuju\u0107ih <strong>81% Evropljana veruje da su digitalni alati budu\u0107nost<\/strong>, na \u010delu sa mladim ljudima. Program Evropske komisije \u201eDigital Decade\u201c reflektuje stvarnost sa ciljem da osna\u017ei ljude u digitalnom svetu.<\/p>\n<p>[\/et_pb_text][\/et_pb_column][\/et_pb_row][et_pb_row column_structure=&#8221;1_2,1_2&#8243; make_equal=&#8221;on&#8221; _builder_version=&#8221;4.27.0&#8243; _module_preset=&#8221;default&#8221; custom_padding=&#8221;||||false|false&#8221; global_colors_info=&#8221;{}&#8221;][et_pb_column type=&#8221;1_2&#8243; _builder_version=&#8221;4.27.0&#8243; _module_preset=&#8221;default&#8221; global_colors_info=&#8221;{}&#8221;][et_pb_text _builder_version=&#8221;4.27.0&#8243; _module_preset=&#8221;default&#8221; text_font=&#8221;Carme||||||||&#8221; text_font_size=&#8221;18px&#8221; text_orientation=&#8221;justified&#8221; global_colors_info=&#8221;{}&#8221;]<\/p>\n<p>Evo problema omladinskih organizacija: mnogima od njih nedostaju resursi za izgradnju sna\u017enog onlajn prisustva. Zbog toga im je te\u0161ko da sastave jasan i ubedljiv imid\u017e koji privla\u010di pa\u017enju. \u0160irenje svesti o njihovim ciljevima i mobilisanje podr\u0161ke potencijlanih saradnika postaje te\u0161ka bitka.<\/p>\n<p>[\/et_pb_text][et_pb_text _builder_version=&#8221;4.27.0&#8243; _module_preset=&#8221;default&#8221; text_font=&#8221;Carme||||||||&#8221; text_font_size=&#8221;18px&#8221; text_orientation=&#8221;justified&#8221; global_colors_info=&#8221;{}&#8221;]<\/p>\n<p>Ali ima nade! Efektivne strategije komunikacije mogu da okrenu igru u korist OO. Zamislite svet u kome one mogu da se pove\u017eu sa \u0161irom publikom, podignu svest o svojim ciljevima i privuku podr\u0161ku koja im je potrebna. Dobra komunikacija tako\u0111e mo\u017ee da stvori sna\u017ena partnerstva sa lokalnim zainteresovanim stranama koja vode ka zajedni\u010dkim inicijativama i zanimljivim razmenama znanja.<\/p>\n<p>[\/et_pb_text][\/et_pb_column][et_pb_column type=&#8221;1_2&#8243; _builder_version=&#8221;4.27.0&#8243; _module_preset=&#8221;default&#8221; global_colors_info=&#8221;{}&#8221;][et_pb_image src=&#8221;https:\/\/cet-project.eu\/wp-content\/uploads\/2024\/08\/Cet-24.png&#8221; title_text=&#8221;Cet (24)&#8221; align=&#8221;center&#8221; _builder_version=&#8221;4.27.0&#8243; _module_preset=&#8221;default&#8221; width=&#8221;51%&#8221; custom_padding=&#8221;||19px|||&#8221; global_colors_info=&#8221;{}&#8221;][\/et_pb_image][\/et_pb_column][\/et_pb_row][et_pb_row make_equal=&#8221;on&#8221; _builder_version=&#8221;4.27.0&#8243; _module_preset=&#8221;default&#8221; custom_padding=&#8221;0px||0px||true|false&#8221; global_colors_info=&#8221;{}&#8221;][et_pb_column type=&#8221;4_4&#8243; _builder_version=&#8221;4.27.0&#8243; _module_preset=&#8221;default&#8221; global_colors_info=&#8221;{}&#8221;][et_pb_text _builder_version=&#8221;4.27.0&#8243; _module_preset=&#8221;default&#8221; text_font=&#8221;Carme||||||||&#8221; text_font_size=&#8221;18px&#8221; text_orientation=&#8221;justified&#8221; global_colors_info=&#8221;{}&#8221;]<\/p>\n<p>Pandemija virusa COVID-19 slu\u017eila je kao mra\u010dni podsetnik na va\u017enost jakog onlajn prisustva. Omladinske organizacije koje su umele da adaptiraju svoj onlajn sadr\u017eaj tako da bude privla\u010dan, personalizovan i osetljiv na potrebe mladih napredovale su u onlajn prostoru.<\/p>\n<p>[\/et_pb_text][\/et_pb_column][\/et_pb_row][et_pb_row make_equal=&#8221;on&#8221; _builder_version=&#8221;4.27.0&#8243; _module_preset=&#8221;default&#8221; custom_padding=&#8221;||||true|false&#8221; global_colors_info=&#8221;{}&#8221;][et_pb_column type=&#8221;4_4&#8243; _builder_version=&#8221;4.27.0&#8243; _module_preset=&#8221;default&#8221; global_colors_info=&#8221;{}&#8221;][et_pb_text _builder_version=&#8221;4.27.0&#8243; _module_preset=&#8221;default&#8221; text_font=&#8221;Carme||||||||&#8221; text_font_size=&#8221;18px&#8221; text_orientation=&#8221;justified&#8221; global_colors_info=&#8221;{}&#8221;]<\/p>\n<p><strong>Da li ste se ikada pitali na kom nivou je va\u0161e znanje o na\u010dinu komunikacije omladinskih organizacija? Odgovorite na pitanja u ovom kvizu da biste saznali!<\/strong><\/p>\n<p>[\/et_pb_text][et_pb_video src=&#8221;https:\/\/www.youtube.com\/watch?v=j8cYvLltzSc&#8221; _builder_version=&#8221;4.27.0&#8243; _module_preset=&#8221;default&#8221; hover_enabled=&#8221;0&#8243; sticky_enabled=&#8221;0&#8243;][\/et_pb_video][\/et_pb_column][\/et_pb_row][et_pb_row _builder_version=&#8221;4.27.0&#8243; _module_preset=&#8221;default&#8221; global_colors_info=&#8221;{}&#8221;][et_pb_column type=&#8221;4_4&#8243; _builder_version=&#8221;4.27.0&#8243; _module_preset=&#8221;default&#8221; global_colors_info=&#8221;{}&#8221;][et_pb_code _builder_version=&#8221;4.27.0&#8243; _module_preset=&#8221;default&#8221; global_colors_info=&#8221;{}&#8221;]<\/p>\n<div class=\"quiz\"><!-- [et_pb_line_break_holder] -->  <\/p>\n<div class=\"question\" data-correct=\"yes\"><!-- [et_pb_line_break_holder] -->    <pee class=\"question-text\">1.\tOrganizacije su izjavile da im je te\u0161ko da anga\u017euju mlade ljude u svojim aktivnostima. <\/pee><!-- [et_pb_line_break_holder] -->    <button class=\"option\" data-answer=\"yes\">DA<\/button><!-- [et_pb_line_break_holder] -->    <button class=\"option\" data-answer=\"no\">NE<\/button><!-- [et_pb_line_break_holder] -->    <pee class=\"correct-answer\">Odgovor je DA.<\/pee><!-- [et_pb_line_break_holder] -->    <pee class=\"answer\">Mnoge organizacije se \u017eale da mladi nisu na platformama na kojima se promovi\u0161e rad omladinskih organizacija.<\/pee><!-- [et_pb_line_break_holder] -->  <\/div>\n<p><!-- [et_pb_line_break_holder] -->  <!-- [et_pb_line_break_holder] -->  <\/p>\n<div class=\"question\" data-correct=\"no\"><!-- [et_pb_line_break_holder] -->    <pee class=\"question-text\">2. \tVe\u0107ina omladinskih organizacija ima jasan plan komunikacije.<\/pee><!-- [et_pb_line_break_holder] -->    <button class=\"option\" data-answer=\"yes\">DA<\/button><!-- [et_pb_line_break_holder] -->    <button class=\"option\" data-answer=\"no\">NE<\/button><!-- [et_pb_line_break_holder] -->    <pee class=\"correct-answer\">Odgovor je NE,<\/pee><!-- [et_pb_line_break_holder] -->    <pee class=\"answer\">Omladinske organizacije imaju pote\u0161ko\u0107e sa uvo\u0111enjem konkretnih planova \tkomunikacije .<\/pee><!-- [et_pb_line_break_holder] -->  <\/div>\n<p><!-- [et_pb_line_break_holder] -->  <!-- [et_pb_line_break_holder] -->  <\/p>\n<div class=\"question\" data-correct=\"no\"><!-- [et_pb_line_break_holder] -->    <pee class=\"question-text\">3.\tPredstavnici medija i influenseri lako prepoznaju va\u017enost rada omladinskih organizacija.<\/pee><!-- [et_pb_line_break_holder] -->    <button class=\"option\" data-answer=\"yes\">DA<\/button><!-- [et_pb_line_break_holder] -->    <button class=\"option\" data-answer=\"no\">NE<\/button><!-- [et_pb_line_break_holder] -->    <pee class=\"correct-answer\">Odgovor je NE,<\/pee><!-- [et_pb_line_break_holder] -->    <pee class=\"answer\">Lokalne omladinske organizacije se bore da izgrade partnerstva sa predstavnicima medija i influenserima.<\/pee><!-- [et_pb_line_break_holder] -->  <\/div>\n<p><!-- [et_pb_line_break_holder] -->  <!-- [et_pb_line_break_holder] -->  <\/p>\n<div class=\"question\" data-correct=\"yes\"><!-- [et_pb_line_break_holder] -->    <pee class=\"question-text\">4. \tOmladinskim organizacijama je potrebna pomo\u0107 oko toga kako funkcioni\u0161u marketing i pla\u0107ene reklame.<\/pee><!-- [et_pb_line_break_holder] -->    <button class=\"option\" data-answer=\"yes\">DA<\/button><!-- [et_pb_line_break_holder] -->    <button class=\"option\" data-answer=\"no\">NE<\/button><!-- [et_pb_line_break_holder] -->    <pee class=\"correct-answer\">Odgovor je DA<\/pee><!-- [et_pb_line_break_holder] -->    <pee class=\"answer\">Ovo je njihova slaba ta\u010dka i oni to znaju.<\/pee><!-- [et_pb_line_break_holder] -->  <\/div>\n<p><!-- [et_pb_line_break_holder] -->  <!-- [et_pb_line_break_holder] -->  <\/p>\n<div class=\"question\" data-correct=\"yes\"><!-- [et_pb_line_break_holder] -->    <pee class=\"question-text\">5. \tOmladinske organizacije su upoznate sa mnogim razli\u010ditim kanalima komunikacije.<\/pee><!-- [et_pb_line_break_holder] -->    <button class=\"option\" data-answer=\"yes\">DA<\/button><!-- [et_pb_line_break_holder] -->    <button class=\"option\" data-answer=\"no\">NE<\/button><!-- [et_pb_line_break_holder] -->    <pee class=\"correct-answer\">Odgovor je DA<\/pee><!-- [et_pb_line_break_holder] -->    <pee class=\"answer\">One smatraju da umeju da koriste raznovrsne kanale komunikacije.<\/pee><!-- [et_pb_line_break_holder] -->  <\/div>\n<p><!-- [et_pb_line_break_holder] --><\/div>\n<p><!-- [et_pb_line_break_holder] --><!-- [et_pb_line_break_holder] --><\/p>\n<style><!-- [et_pb_line_break_holder] -->.quiz {<!-- [et_pb_line_break_holder] -->  font-family: Arial, sans-serif;<!-- [et_pb_line_break_holder] -->  max-width: px;<!-- [et_pb_line_break_holder] -->  margin: 0 auto;<!-- [et_pb_line_break_holder] -->  padding: 20px;<!-- [et_pb_line_break_holder] -->  border: 1px solid #ccc;<!-- [et_pb_line_break_holder] -->  border-radius: 10px;<!-- [et_pb_line_break_holder] -->  background-color: #f9f9f9;<!-- [et_pb_line_break_holder] -->}<!-- [et_pb_line_break_holder] --><!-- [et_pb_line_break_holder] -->.question {<!-- [et_pb_line_break_holder] -->  margin-bottom: 50px;<!-- [et_pb_line_break_holder] -->}<!-- [et_pb_line_break_holder] --><!-- [et_pb_line_break_holder] -->.question-text {<!-- [et_pb_line_break_holder] -->  font-size: 16px;<!-- [et_pb_line_break_holder] -->  margin: 10px 0;<!-- [et_pb_line_break_holder] -->}<!-- [et_pb_line_break_holder] --><!-- [et_pb_line_break_holder] -->.option {<!-- [et_pb_line_break_holder] -->  margin: 5px;<!-- [et_pb_line_break_holder] -->  padding: 10px 20px;<!-- [et_pb_line_break_holder] -->  font-size: 14px;<!-- [et_pb_line_break_holder] -->  border: none;<!-- [et_pb_line_break_holder] -->  border-radius: 5px;<!-- [et_pb_line_break_holder] -->  background-color: #167092;<!-- [et_pb_line_break_holder] -->  color: white;<!-- [et_pb_line_break_holder] -->  cursor: pointer;<!-- [et_pb_line_break_holder] -->}<!-- [et_pb_line_break_holder] --><!-- [et_pb_line_break_holder] -->.option:hover {<!-- [et_pb_line_break_holder] -->  background-color: #125a6e;<!-- [et_pb_line_break_holder] -->}<!-- [et_pb_line_break_holder] --><!-- [et_pb_line_break_holder] -->.option.correct {<!-- [et_pb_line_break_holder] -->  background-color: #28a745;<!-- [et_pb_line_break_holder] -->}<!-- [et_pb_line_break_holder] --><!-- [et_pb_line_break_holder] -->.option.incorrect {<!-- [et_pb_line_break_holder] -->  background-color: #dc3545;<!-- [et_pb_line_break_holder] -->}<!-- [et_pb_line_break_holder] --><!-- [et_pb_line_break_holder] -->.correct-answer,<!-- [et_pb_line_break_holder] -->.answer {<!-- [et_pb_line_break_holder] -->  display: none;<!-- [et_pb_line_break_holder] -->  font-size: 14px;<!-- [et_pb_line_break_holder] -->  color: #333;<!-- [et_pb_line_break_holder] -->  margin-top: 10px;<!-- [et_pb_line_break_holder] -->}<!-- [et_pb_line_break_holder] --><\/style>\n<p><!-- [et_pb_line_break_holder] --><!-- [et_pb_line_break_holder] --><script><!-- [et_pb_line_break_holder] -->document.addEventListener('DOMContentLoaded', () => {<!-- [et_pb_line_break_holder] -->  const questions = document.querySelectorAll('.question');<!-- [et_pb_line_break_holder] --><!-- [et_pb_line_break_holder] -->  questions.forEach(question => {<!-- [et_pb_line_break_holder] -->    const correctAnswer = question.dataset.correct;<!-- [et_pb_line_break_holder] -->    const options = question.querySelectorAll('.option');<!-- [et_pb_line_break_holder] -->    const correctAnswerText = question.querySelector('.correct-answer');<!-- [et_pb_line_break_holder] -->    const answerText = question.querySelector('.answer');<!-- [et_pb_line_break_holder] --><!-- [et_pb_line_break_holder] -->    options.forEach(option => {<!-- [et_pb_line_break_holder] -->      option.addEventListener('click', () => {<!-- [et_pb_line_break_holder] -->        if (option.dataset.answer === correctAnswer) {<!-- [et_pb_line_break_holder] -->          option.classList.add('correct');<!-- [et_pb_line_break_holder] -->          correctAnswerText.style.display = 'block';<!-- [et_pb_line_break_holder] -->          answerText.style.display = 'block';<!-- [et_pb_line_break_holder] -->        } else {<!-- [et_pb_line_break_holder] -->          option.classList.add('incorrect');<!-- [et_pb_line_break_holder] -->          correctAnswerText.style.display = 'block';<!-- [et_pb_line_break_holder] -->          answerText.style.display = 'block';<!-- [et_pb_line_break_holder] -->        }<!-- [et_pb_line_break_holder] -->        options.forEach(btn => btn.disabled = true);  \/\/ Disable all buttons after one is clicked<!-- [et_pb_line_break_holder] -->      });<!-- [et_pb_line_break_holder] -->    });<!-- [et_pb_line_break_holder] -->  });<!-- [et_pb_line_break_holder] -->});<!-- [et_pb_line_break_holder] --><\/script><!-- [et_pb_line_break_holder] -->[\/et_pb_code][\/et_pb_column][\/et_pb_row][et_pb_row column_structure=&#8221;1_2,1_2&#8243; _builder_version=&#8221;4.27.0&#8243; _module_preset=&#8221;default&#8221; max_width=&#8221;1920px&#8221; global_colors_info=&#8221;{}&#8221;][et_pb_column type=&#8221;1_2&#8243; _builder_version=&#8221;4.27.0&#8243; _module_preset=&#8221;default&#8221; global_colors_info=&#8221;{}&#8221;][et_pb_button button_url=&#8221;@ET-DC@eyJkeW5hbWljIjp0cnVlLCJjb250ZW50IjoicG9zdF9saW5rX3VybF9wYWdlIiwic2V0dGluZ3MiOnsicG9zdF9pZCI6Ijc4NCJ9fQ==@&#8221; button_text=&#8221;Prethodna&#8221; button_alignment=&#8221;right&#8221; _builder_version=&#8221;4.27.0&#8243; _dynamic_attributes=&#8221;button_url&#8221; _module_preset=&#8221;default&#8221; custom_button=&#8221;on&#8221; button_text_size=&#8221;18px&#8221; button_text_color=&#8221;#FFFFFF&#8221; button_bg_color=&#8221;#167092&#8243; button_border_width=&#8221;2px&#8221; button_border_color=&#8221;RGBA(255,255,255,0)&#8221; button_border_radius=&#8221;20px&#8221; button_font=&#8221;||||||||&#8221; button_icon=&#8221;&#x23;||divi||400&#8243; button_icon_placement=&#8221;left&#8221; global_colors_info=&#8221;{}&#8221; transform_styles__hover_enabled=&#8221;on|desktop&#8221; transform_scale__hover_enabled=&#8221;on|desktop&#8221; transform_translate__hover_enabled=&#8221;on|desktop&#8221; transform_rotate__hover_enabled=&#8221;on|desktop&#8221; transform_skew__hover_enabled=&#8221;on|desktop&#8221; transform_origin__hover_enabled=&#8221;on|desktop&#8221; button_bg_color__hover_enabled=&#8221;on|hover&#8221; button_bg_color__hover=&#8221;#F49D1E&#8221; button_bg_enable_color__hover=&#8221;on&#8221; transform_scale__hover=&#8221;105%|105%&#8221;][\/et_pb_button][\/et_pb_column][et_pb_column type=&#8221;1_2&#8243; _builder_version=&#8221;4.27.0&#8243; _module_preset=&#8221;default&#8221; global_colors_info=&#8221;{}&#8221;][et_pb_button button_url=&#8221;@ET-DC@eyJkeW5hbWljIjp0cnVlLCJjb250ZW50IjoicG9zdF9saW5rX3VybF9wYWdlIiwic2V0dGluZ3MiOnsicG9zdF9pZCI6Ijc4NiJ9fQ==@&#8221; button_text=&#8221;Slede\u0107a&#8221; button_alignment=&#8221;left&#8221; _builder_version=&#8221;4.27.0&#8243; _dynamic_attributes=&#8221;button_url&#8221; _module_preset=&#8221;default&#8221; custom_button=&#8221;on&#8221; button_text_size=&#8221;18px&#8221; button_text_color=&#8221;#FFFFFF&#8221; button_bg_color=&#8221;#167092&#8243; button_border_width=&#8221;2px&#8221; button_border_color=&#8221;RGBA(255,255,255,0)&#8221; button_border_radius=&#8221;20px&#8221; button_font=&#8221;||||||||&#8221; button_icon=&#8221;&#x24;||divi||400&#8243; custom_padding=&#8221;|34px||34px|false|true&#8221; global_colors_info=&#8221;{}&#8221; transform_styles__hover_enabled=&#8221;on|desktop&#8221; transform_scale__hover_enabled=&#8221;on|desktop&#8221; transform_translate__hover_enabled=&#8221;on|desktop&#8221; transform_rotate__hover_enabled=&#8221;on|desktop&#8221; transform_skew__hover_enabled=&#8221;on|desktop&#8221; transform_origin__hover_enabled=&#8221;on|desktop&#8221; button_bg_color__hover_enabled=&#8221;on|desktop&#8221; button_bg_color__hover=&#8221;#F49D1E&#8221; button_bg_enable_color__hover=&#8221;on&#8221; transform_scale__hover=&#8221;105%|105%&#8221;][\/et_pb_button][\/et_pb_column][\/et_pb_row][\/et_pb_section]<\/p>\n","protected":false},"excerpt":{"rendered":"<p>\u0160irom Evrope, mnoge omladinske organizacije se bore da budu saslu\u0161ane. Njihove strastvene vizije i va\u017ene inicijative \u010desto se izgube u gomili, \u0161to dovodi do frustriraju\u0107eg nedostatka uticaja. One te\u017ee da se pove\u017eu sa mladim ljudima koji dele njihove ciljeve, kao i sa lokalnim akterima koji bi mogli da ponude klju\u010dnu podr\u0161ku, pa \u010dak i pokrenu [&hellip;]<\/p>\n","protected":false},"author":3,"featured_media":0,"parent":0,"menu_order":0,"comment_status":"closed","ping_status":"closed","template":"","meta":{"_et_pb_use_builder":"on","_et_pb_old_content":"","_et_gb_content_width":"","footnotes":""},"class_list":["post-785","page","type-page","status-publish","hentry"],"_links":{"self":[{"href":"https:\/\/cet-project.eu\/index.php?rest_route=\/wp\/v2\/pages\/785","targetHints":{"allow":["GET"]}}],"collection":[{"href":"https:\/\/cet-project.eu\/index.php?rest_route=\/wp\/v2\/pages"}],"about":[{"href":"https:\/\/cet-project.eu\/index.php?rest_route=\/wp\/v2\/types\/page"}],"author":[{"embeddable":true,"href":"https:\/\/cet-project.eu\/index.php?rest_route=\/wp\/v2\/users\/3"}],"replies":[{"embeddable":true,"href":"https:\/\/cet-project.eu\/index.php?rest_route=%2Fwp%2Fv2%2Fcomments&post=785"}],"version-history":[{"count":6,"href":"https:\/\/cet-project.eu\/index.php?rest_route=\/wp\/v2\/pages\/785\/revisions"}],"predecessor-version":[{"id":1296,"href":"https:\/\/cet-project.eu\/index.php?rest_route=\/wp\/v2\/pages\/785\/revisions\/1296"}],"wp:attachment":[{"href":"https:\/\/cet-project.eu\/index.php?rest_route=%2Fwp%2Fv2%2Fmedia&parent=785"}],"curies":[{"name":"wp","href":"https:\/\/api.w.org\/{rel}","templated":true}]}}