{"id":787,"date":"2024-11-14T14:29:57","date_gmt":"2024-11-14T14:29:57","guid":{"rendered":"https:\/\/cet-project.eu\/?page_id=787"},"modified":"2024-11-17T02:12:22","modified_gmt":"2024-11-17T02:12:22","slug":"m6-sr","status":"publish","type":"page","link":"https:\/\/cet-project.eu\/?page_id=787&lang=sr","title":{"rendered":"M6 &#8211; SR"},"content":{"rendered":"<p>[et_pb_section fb_built=&#8221;1&#8243; _builder_version=&#8221;4.24.0&#8243; _module_preset=&#8221;default&#8221; custom_padding=&#8221;25px||2px|||&#8221; global_colors_info=&#8221;{}&#8221;][et_pb_row make_equal=&#8221;on&#8221; _builder_version=&#8221;4.27.0&#8243; _module_preset=&#8221;default&#8221; custom_padding=&#8221;27px|||||&#8221; global_colors_info=&#8221;{}&#8221;][et_pb_column type=&#8221;4_4&#8243; _builder_version=&#8221;4.24.0&#8243; _module_preset=&#8221;default&#8221; global_colors_info=&#8221;{}&#8221;][et_pb_heading title=&#8221;Strate\u0161ki pristup komunikaciji&#8221; _builder_version=&#8221;4.27.0&#8243; _module_preset=&#8221;default&#8221; title_font=&#8221;Carme|700|||||||&#8221; title_text_align=&#8221;center&#8221; title_text_color=&#8221;#167092&#8243; title_font_size=&#8221;50px&#8221; global_colors_info=&#8221;{}&#8221;][\/et_pb_heading][\/et_pb_column][\/et_pb_row][et_pb_row column_structure=&#8221;3_4,1_4&#8243; make_equal=&#8221;on&#8221; _builder_version=&#8221;4.27.0&#8243; _module_preset=&#8221;default&#8221; custom_padding=&#8221;||||false|false&#8221; global_colors_info=&#8221;{}&#8221;][et_pb_column type=&#8221;3_4&#8243; _builder_version=&#8221;4.27.0&#8243; _module_preset=&#8221;default&#8221; global_colors_info=&#8221;{}&#8221;][et_pb_text _builder_version=&#8221;4.27.0&#8243; _module_preset=&#8221;default&#8221; text_font=&#8221;Carme||||||||&#8221; text_font_size=&#8221;18px&#8221; text_orientation=&#8221;justified&#8221; global_colors_info=&#8221;{}&#8221;]<\/p>\n<p>Hajde da istra\u017eimo za\u0161to je razumevanje va\u0161e ponude od su\u0161tinske va\u017enosti. Ako nam je potpuno jasno \u0161ta je na\u0161a ponuda, kao OO mo\u017eemo da:<\/p>\n<p>[\/et_pb_text][et_pb_text _builder_version=&#8221;4.27.0&#8243; _module_preset=&#8221;default&#8221; text_font=&#8221;Carme||||||||&#8221; text_font_size=&#8221;18px&#8221; text_orientation=&#8221;justified&#8221; custom_css_main_element=&#8221;strong {||  color: #f49d1e;||}||||ul li::marker {||  color: #167092;||}||&#8221; global_colors_info=&#8221;{}&#8221;]<\/p>\n<p><strong>Uspostavimo jasnu komunikaciju<\/strong>: Poznavanje va\u0161e ponude vam omogu\u0107ava da jasno komunicirate njene benefite i osobine ka klju\u010dnim korisnicima i drugim potencijalnim ciljnim grupama. Jasno\u0107a vam poma\u017ee u efektivnoj komunikaciji i efektivnoj promociji va\u0161oj ciljnoj publici onoga \u0161to radite.<\/p>\n<\/p>\n<p><strong>Dobijemo razumevanje korisnika<\/strong>: Dublje razumevanje va\u0161e ponude omogu\u0107ava vam da bolje identifikujete i ispunite potrebe i preferencije svoje ciljne publike. Ovo vodi ka dugoro\u010dnom anga\u017eovanju, zadovoljstvu i lojalnosti.<\/p>\n<\/p>\n<p><strong>Kreiramo prednost za svoju OO<\/strong>: Ako ste direktni i kompetentni u onome \u0161to nudite, to \u0107e vam pomo\u0107i da se razlikujete i isti\u010dete u svom lokalnom okru\u017eenju. Planiranje slu\u017ei da istakne jedinstvene karakteristike i prednosti koje zainteresovane strane i lokalna zajednica mogu jasno prepoznati u OO i ceniti, inspirisati se i uklju\u010diti se.<\/p>\n<\/p>\n<p><strong>Pravilno sprovodimo strate\u0161ko planiranje:<\/strong> Poznavanje va\u0161e ponude je od su\u0161tinskog zna\u010daja za strate\u0161ko planiranje svih funkcija OO uklju\u010duju\u0107i i komunikaciju. Na taj na\u010din \u0107ete mo\u0107i da donosite informisane odluke o menad\u017ementu va\u0161e OO, njenim programima, resursima i strategiji komunikacije.<\/p>\n<\/p>\n<p><strong>Adekvatno planiramo promociju i obuku<\/strong>: Va\u0161 projektni tim \u0107e biti opremljen znanjem koje je potrebno za efektivnu izgradnju komunikacije oko va\u0161e ponude i pru\u017eanje kvalitetnih usluga u okviru omladinskog rada. Obuka osoblja o specifi\u010dnostima va\u0161e ponude omogu\u0107ava im da odgovore na svako pitanje i kompetentno re\u0161e nedoumice.<\/p>\n<p>&nbsp;<\/p>\n<p><strong>Vodimo ra\u010duna o inovacijama i unapre\u0111enjima<\/strong>: Kada poznajete svoju trenutnu ponudu i pratite njenu relevantnost, mo\u0107i \u0107ete da identifikujete oblasti koje treba da budu unapre\u0111ene kao i mogu\u0107nosti za inovacije. Ovaj konstantan fokus na unapre\u0111enju mo\u017ee da odr\u017ei reputaciju i uticaj va\u0161e OO.<\/p>\n<\/p>\n<p><strong>Postignemo konzistentnost brenda<\/strong>: Svaka OO koja ima na umu dugove\u010dnost i razvoj kvaliteta pretvara se u ime brenda. Temeljno poznavanje va\u0161e ponude obezbe\u0111uje doslednost u prepoznatljivosti organizacije i standardu kvaliteta (koji su klju\u010dne karakteristike brenda) i slanju poruka kroz sve kanale komunikacije, za razli\u010dite ciljne publike. Ova doslednost ja\u010da identitet va\u0161e OO i gradi poverenje me\u0111u zainteresovanim stranama.<\/p>\n<p>[\/et_pb_text][\/et_pb_column][et_pb_column type=&#8221;1_4&#8243; _builder_version=&#8221;4.27.0&#8243; _module_preset=&#8221;default&#8221; global_colors_info=&#8221;{}&#8221;][et_pb_image src=&#8221;https:\/\/cet-project.eu\/wp-content\/uploads\/2024\/08\/Cet-27.png&#8221; title_text=&#8221;Cet (27)&#8221; align=&#8221;center&#8221; disabled_on=&#8221;on|on|off&#8221; _builder_version=&#8221;4.27.0&#8243; _module_preset=&#8221;default&#8221; width=&#8221;35%&#8221; custom_padding=&#8221;56px||||false|false&#8221; global_colors_info=&#8221;{}&#8221;][\/et_pb_image][\/et_pb_column][\/et_pb_row][et_pb_row _builder_version=&#8221;4.27.0&#8243; _module_preset=&#8221;default&#8221; global_colors_info=&#8221;{}&#8221;][et_pb_column type=&#8221;4_4&#8243; _builder_version=&#8221;4.27.0&#8243; _module_preset=&#8221;default&#8221; global_colors_info=&#8221;{}&#8221;][et_pb_text _builder_version=&#8221;4.27.0&#8243; _module_preset=&#8221;default&#8221; text_font=&#8221;Carme||||||||&#8221; text_font_size=&#8221;18px&#8221; text_orientation=&#8221;justified&#8221; global_colors_info=&#8221;{}&#8221;]<\/p>\n<p><strong>Kako OO treba da formuli\u0161e svoje ciljeve komunikacije<\/strong><\/p>\n<p>Iako postoje mnogi ciljevi komunikacije, neki od njih su posebno relevantni za OO:<\/p>\n<p>[\/et_pb_text][et_pb_text _builder_version=&#8221;4.27.0&#8243; _module_preset=&#8221;default&#8221; text_font=&#8221;Carme||||||||&#8221; text_font_size=&#8221;18px&#8221; text_orientation=&#8221;justified&#8221; custom_css_main_element=&#8221;strong {||  color: #f49d1e;||}||&#8221; global_colors_info=&#8221;{}&#8221;]<\/p>\n<p><strong>IZGRADNJA REPUTACIJE<\/strong> \u2013 Uspostavite svoju OO kao lidera od poverenja u svojoj oblasti, neguju\u0107i po\u0161tovanje i kredibilitet.<\/p>\n<p><strong>ANGA\u017dOVANJE POSTOJE\u0106E PODR\u0160KE<\/strong> \u2013 Ja\u010dajte odnose sa trenutnim pratiocima, donorima i volonterima kako biste izgradili lojalnu zajednicu.<\/p>\n<p><strong>UPRAVLJANJE ZADACIMA<\/strong> \u2013 Koristite komunikaciju da biste pojednostavili interne procese i postigli odre\u0111ene ciljeve (npr. promovisanje predstoje\u0107eg volonterskog doga\u0111aja).<\/p>\n<p>[\/et_pb_text][\/et_pb_column][\/et_pb_row][et_pb_row column_structure=&#8221;1_3,1_3,1_3&#8243; _builder_version=&#8221;4.27.0&#8243; _module_preset=&#8221;default&#8221; global_colors_info=&#8221;{}&#8221;][et_pb_column type=&#8221;1_3&#8243; _builder_version=&#8221;4.27.0&#8243; _module_preset=&#8221;default&#8221; global_colors_info=&#8221;{}&#8221;][et_pb_image src=&#8221;https:\/\/cet-project.eu\/wp-content\/uploads\/2024\/08\/Picture11.png&#8221; title_text=&#8221;Picture11&#8243; align=&#8221;center&#8221; _builder_version=&#8221;4.27.0&#8243; _module_preset=&#8221;default&#8221; global_colors_info=&#8221;{}&#8221;][\/et_pb_image][et_pb_text _builder_version=&#8221;4.27.0&#8243; _module_preset=&#8221;default&#8221; text_font=&#8221;Carme||||||||&#8221; text_font_size=&#8221;18px&#8221; text_orientation=&#8221;center&#8221; custom_css_main_element=&#8221;strong {||  color: #f49d1e;||}||&#8221; global_colors_info=&#8221;{}&#8221;]<\/p>\n<p>Predstaviti svoju OO i njen cilj \u0161iroj publici i potencijalnim pru\u017eaocima podr\u0161ke<\/p>\n<p>[\/et_pb_text][\/et_pb_column][et_pb_column type=&#8221;1_3&#8243; _builder_version=&#8221;4.27.0&#8243; _module_preset=&#8221;default&#8221; global_colors_info=&#8221;{}&#8221;][et_pb_image src=&#8221;https:\/\/cet-project.eu\/wp-content\/uploads\/2024\/08\/Picture12.png&#8221; title_text=&#8221;Picture12&#8243; align=&#8221;center&#8221; _builder_version=&#8221;4.27.0&#8243; _module_preset=&#8221;default&#8221; global_colors_info=&#8221;{}&#8221;][\/et_pb_image][et_pb_text _builder_version=&#8221;4.27.0&#8243; _module_preset=&#8221;default&#8221; text_font=&#8221;Carme||||||||&#8221; text_font_size=&#8221;18px&#8221; text_orientation=&#8221;center&#8221; custom_css_main_element=&#8221;strong {||  color: #f49d1e;||}||&#8221; global_colors_info=&#8221;{}&#8221;]<\/p>\n<p>Ista\u0107i uticaj dosada\u0161njih programa i inspirisati u\u010de\u0161\u0107e<\/p>\n<p>[\/et_pb_text][\/et_pb_column][et_pb_column type=&#8221;1_3&#8243; _builder_version=&#8221;4.27.0&#8243; _module_preset=&#8221;default&#8221; global_colors_info=&#8221;{}&#8221;][et_pb_image src=&#8221;https:\/\/cet-project.eu\/wp-content\/uploads\/2024\/08\/Picture13.png&#8221; title_text=&#8221;Picture13&#8243; align=&#8221;center&#8221; _builder_version=&#8221;4.27.0&#8243; _module_preset=&#8221;default&#8221; global_colors_info=&#8221;{}&#8221;][\/et_pb_image][et_pb_text _builder_version=&#8221;4.27.0&#8243; _module_preset=&#8221;default&#8221; text_font=&#8221;Carme||||||||&#8221; text_font_size=&#8221;18px&#8221; text_orientation=&#8221;center&#8221; custom_css_main_element=&#8221;strong {||  color: #f49d1e;||}||&#8221; global_colors_info=&#8221;{}&#8221;]<\/p>\n<p>Mobilisati mlade ljude da se udru\u017ee i kreiraju novi projekat<\/p>\n<p>[\/et_pb_text][\/et_pb_column][\/et_pb_row][et_pb_row column_structure=&#8221;1_3,1_3,1_3&#8243; _builder_version=&#8221;4.27.0&#8243; _module_preset=&#8221;default&#8221; global_colors_info=&#8221;{}&#8221;][et_pb_column type=&#8221;1_3&#8243; _builder_version=&#8221;4.27.0&#8243; _module_preset=&#8221;default&#8221; global_colors_info=&#8221;{}&#8221;][et_pb_image src=&#8221;https:\/\/cet-project.eu\/wp-content\/uploads\/2024\/08\/Picture14.png&#8221; title_text=&#8221;Picture14&#8243; align=&#8221;center&#8221; _builder_version=&#8221;4.27.0&#8243; _module_preset=&#8221;default&#8221; global_colors_info=&#8221;{}&#8221;][\/et_pb_image][et_pb_text _builder_version=&#8221;4.27.0&#8243; _module_preset=&#8221;default&#8221; text_font=&#8221;Carme||||||||&#8221; text_font_size=&#8221;18px&#8221; text_orientation=&#8221;center&#8221; custom_css_main_element=&#8221;strong {||  color: #f49d1e;||}||&#8221; global_colors_info=&#8221;{}&#8221;]<\/p>\n<p>Pove\u0107ati prisustvo na dru\u0161tvenim mre\u017eama radi pove\u0107anja dosega i anga\u017eovanja<\/p>\n<p>[\/et_pb_text][\/et_pb_column][et_pb_column type=&#8221;1_3&#8243; _builder_version=&#8221;4.27.0&#8243; _module_preset=&#8221;default&#8221; global_colors_info=&#8221;{}&#8221;][et_pb_image src=&#8221;https:\/\/cet-project.eu\/wp-content\/uploads\/2024\/08\/Picture15.png&#8221; title_text=&#8221;Picture15&#8243; align=&#8221;center&#8221; _builder_version=&#8221;4.27.0&#8243; _module_preset=&#8221;default&#8221; global_colors_info=&#8221;{}&#8221;][\/et_pb_image][et_pb_text _builder_version=&#8221;4.27.0&#8243; _module_preset=&#8221;default&#8221; text_font=&#8221;Carme||||||||&#8221; text_font_size=&#8221;18px&#8221; text_orientation=&#8221;center&#8221; custom_css_main_element=&#8221;strong {||  color: #f49d1e;||}||&#8221; global_colors_info=&#8221;{}&#8221;]<\/p>\n<p>Izgraditi reputaciju kao ekspert za razvoj omladine i influenser<\/p>\n<p>[\/et_pb_text][\/et_pb_column][et_pb_column type=&#8221;1_3&#8243; _builder_version=&#8221;4.27.0&#8243; _module_preset=&#8221;default&#8221; global_colors_info=&#8221;{}&#8221;][et_pb_image src=&#8221;https:\/\/cet-project.eu\/wp-content\/uploads\/2024\/08\/Picture16.png&#8221; title_text=&#8221;Picture16&#8243; align=&#8221;center&#8221; _builder_version=&#8221;4.27.0&#8243; _module_preset=&#8221;default&#8221; global_colors_info=&#8221;{}&#8221;][\/et_pb_image][et_pb_text _builder_version=&#8221;4.27.0&#8243; _module_preset=&#8221;default&#8221; text_font=&#8221;Carme||||||||&#8221; text_font_size=&#8221;18px&#8221; text_orientation=&#8221;center&#8221; custom_css_main_element=&#8221;strong {||  color: #f49d1e;||}||&#8221; global_colors_info=&#8221;{}&#8221;]<\/p>\n<p>Ponuditi stalnu podr\u0161ku i resurse postoje\u0107oj zajednici<\/p>\n<p>[\/et_pb_text][\/et_pb_column][\/et_pb_row][et_pb_row column_structure=&#8221;1_3,1_3,1_3&#8243; make_equal=&#8221;on&#8221; _builder_version=&#8221;4.27.0&#8243; _module_preset=&#8221;default&#8221; custom_padding=&#8221;90px||90px||true|false&#8221; border_width_all=&#8221;4px&#8221; border_color_all=&#8221;#03C5C0&#8243; global_colors_info=&#8221;{}&#8221;][et_pb_column type=&#8221;1_3&#8243; _builder_version=&#8221;4.27.0&#8243; _module_preset=&#8221;default&#8221; global_colors_info=&#8221;{}&#8221;][et_pb_text _builder_version=&#8221;4.27.0&#8243; _module_preset=&#8221;default&#8221; text_font=&#8221;Carme||||||||&#8221; text_font_size=&#8221;18px&#8221; text_orientation=&#8221;center&#8221; custom_css_main_element=&#8221;strong {||  color: #f49d1e;||}||&#8221; global_colors_info=&#8221;{}&#8221;]<\/p>\n<p><strong>Razmislite o svom planu.<\/strong> Okupite svoj tim i pregledajte strate\u0161ki plan va\u0161e OO. Diskutujte o va\u0161oj viziji, misiji i strate\u0161kim ciljevima.<\/p>\n<p>[\/et_pb_text][\/et_pb_column][et_pb_column type=&#8221;1_3&#8243; _builder_version=&#8221;4.27.0&#8243; _module_preset=&#8221;default&#8221; global_colors_info=&#8221;{}&#8221;][et_pb_text _builder_version=&#8221;4.27.0&#8243; _module_preset=&#8221;default&#8221; text_font=&#8221;Carme||||||||&#8221; text_font_size=&#8221;18px&#8221; text_orientation=&#8221;center&#8221; custom_css_main_element=&#8221;strong {||  color: #f49d1e;||}||&#8221; global_colors_info=&#8221;{}&#8221;]<\/p>\n<p><strong>Komunikacija kao katalizator. <\/strong>Zajedno razmislite o tome kako komunikacija mo\u017ee da vam pomogne da ostvarite te ciljeve<\/p>\n<p>[\/et_pb_text][\/et_pb_column][et_pb_column type=&#8221;1_3&#8243; _builder_version=&#8221;4.27.0&#8243; _module_preset=&#8221;default&#8221; global_colors_info=&#8221;{}&#8221;][et_pb_text _builder_version=&#8221;4.27.0&#8243; _module_preset=&#8221;default&#8221; text_font=&#8221;Carme||||||||&#8221; text_font_size=&#8221;18px&#8221; text_orientation=&#8221;center&#8221; custom_css_main_element=&#8221;strong {||  color: #f49d1e;||}||&#8221; global_colors_info=&#8221;{}&#8221;]<\/p>\n<p><strong>Defini\u0161ite svoje ciljeve zajedno. <\/strong>U saradnji sa svojim timom zapi\u0161ite jasne, merljive ciljeve komunikacije.<\/p>\n<p>[\/et_pb_text][\/et_pb_column][\/et_pb_row][et_pb_row make_equal=&#8221;on&#8221; _builder_version=&#8221;4.27.0&#8243; _module_preset=&#8221;default&#8221; global_colors_info=&#8221;{}&#8221;][et_pb_column type=&#8221;4_4&#8243; _builder_version=&#8221;4.27.0&#8243; _module_preset=&#8221;default&#8221; global_colors_info=&#8221;{}&#8221;][et_pb_text _builder_version=&#8221;4.27.0&#8243; _module_preset=&#8221;default&#8221; text_font=&#8221;Carme||||||||&#8221; text_font_size=&#8221;18px&#8221; text_orientation=&#8221;justified&#8221; custom_css_main_element=&#8221;strong {||  color: #f49d1e;||}||&#8221; global_colors_info=&#8221;{}&#8221;]<\/p>\n<p>Pre nego \u0161to sve ovo uradite, odvojite neko vreme da zajedno sa svojim timom razmislite o osnovnim vrednostima koje defini\u0161u va\u0161u OO. \u0160ta je ono \u0161to vam je zaista va\u017eno? Koji principi pokre\u0107u va\u0161 rad? Kroz artikulaciju svojih osnovnih vrednosti, vi kreirate osnove za jaku i uticajnu organizaciju. Zapamtite da su va\u0161e vrednosti kompas koji \u0107e vas voditi ka postizanju va\u0161e vizije, \u0161to \u0107e obezbediti da va\u0161a OO ostvari pozitivan uticaj na svet.<\/p>\n<p>&nbsp;<\/p>\n<p>Ako \u017eelite da saznate vi\u0161e o pripremi efektivnog akcionog plana, pogledajte poglavlje <strong>PRIPREMA AKCIONOG PLANA \u2013 SAVETI I TRIKOVI<\/strong><\/p>\n<p>[\/et_pb_text][\/et_pb_column][\/et_pb_row][et_pb_row column_structure=&#8221;1_2,1_2&#8243; _builder_version=&#8221;4.27.0&#8243; _module_preset=&#8221;default&#8221; max_width=&#8221;1920px&#8221; global_colors_info=&#8221;{}&#8221;][et_pb_column type=&#8221;1_2&#8243; _builder_version=&#8221;4.27.0&#8243; _module_preset=&#8221;default&#8221; global_colors_info=&#8221;{}&#8221;][et_pb_button button_url=&#8221;@ET-DC@eyJkeW5hbWljIjp0cnVlLCJjb250ZW50IjoicG9zdF9saW5rX3VybF9wYWdlIiwic2V0dGluZ3MiOnsicG9zdF9pZCI6Ijc4NiJ9fQ==@&#8221; button_text=&#8221;Prethodna&#8221; button_alignment=&#8221;right&#8221; _builder_version=&#8221;4.27.0&#8243; _dynamic_attributes=&#8221;button_url&#8221; _module_preset=&#8221;default&#8221; custom_button=&#8221;on&#8221; button_text_size=&#8221;18px&#8221; button_text_color=&#8221;#FFFFFF&#8221; button_bg_color=&#8221;#167092&#8243; button_border_width=&#8221;2px&#8221; button_border_color=&#8221;RGBA(255,255,255,0)&#8221; button_border_radius=&#8221;20px&#8221; button_font=&#8221;||||||||&#8221; button_icon=&#8221;&#x23;||divi||400&#8243; button_icon_placement=&#8221;left&#8221; global_colors_info=&#8221;{}&#8221; transform_styles__hover_enabled=&#8221;on|desktop&#8221; transform_scale__hover_enabled=&#8221;on|desktop&#8221; transform_translate__hover_enabled=&#8221;on|desktop&#8221; transform_rotate__hover_enabled=&#8221;on|desktop&#8221; transform_skew__hover_enabled=&#8221;on|desktop&#8221; transform_origin__hover_enabled=&#8221;on|desktop&#8221; button_bg_color__hover_enabled=&#8221;on|hover&#8221; button_bg_color__hover=&#8221;#F49D1E&#8221; button_bg_enable_color__hover=&#8221;on&#8221; transform_scale__hover=&#8221;105%|105%&#8221;][\/et_pb_button][\/et_pb_column][et_pb_column type=&#8221;1_2&#8243; _builder_version=&#8221;4.27.0&#8243; _module_preset=&#8221;default&#8221; global_colors_info=&#8221;{}&#8221;][et_pb_button button_url=&#8221;@ET-DC@eyJkeW5hbWljIjp0cnVlLCJjb250ZW50IjoicG9zdF9saW5rX3VybF9wYWdlIiwic2V0dGluZ3MiOnsicG9zdF9pZCI6Ijc4OCJ9fQ==@&#8221; button_text=&#8221;Slede\u0107a&#8221; button_alignment=&#8221;left&#8221; _builder_version=&#8221;4.27.0&#8243; _dynamic_attributes=&#8221;button_url&#8221; _module_preset=&#8221;default&#8221; custom_button=&#8221;on&#8221; button_text_size=&#8221;18px&#8221; button_text_color=&#8221;#FFFFFF&#8221; button_bg_color=&#8221;#167092&#8243; button_border_width=&#8221;2px&#8221; button_border_color=&#8221;RGBA(255,255,255,0)&#8221; button_border_radius=&#8221;20px&#8221; button_font=&#8221;||||||||&#8221; button_icon=&#8221;&#x24;||divi||400&#8243; custom_padding=&#8221;|34px||34px|false|true&#8221; global_colors_info=&#8221;{}&#8221; transform_styles__hover_enabled=&#8221;on|desktop&#8221; transform_scale__hover_enabled=&#8221;on|desktop&#8221; transform_translate__hover_enabled=&#8221;on|desktop&#8221; transform_rotate__hover_enabled=&#8221;on|desktop&#8221; transform_skew__hover_enabled=&#8221;on|desktop&#8221; transform_origin__hover_enabled=&#8221;on|desktop&#8221; button_bg_color__hover_enabled=&#8221;on|desktop&#8221; button_bg_color__hover=&#8221;#F49D1E&#8221; button_bg_enable_color__hover=&#8221;on&#8221; transform_scale__hover=&#8221;105%|105%&#8221;][\/et_pb_button][\/et_pb_column][\/et_pb_row][\/et_pb_section]<\/p>\n","protected":false},"excerpt":{"rendered":"<p>Hajde da istra\u017eimo za\u0161to je razumevanje va\u0161e ponude od su\u0161tinske va\u017enosti. Ako nam je potpuno jasno \u0161ta je na\u0161a ponuda, kao OO mo\u017eemo da:Uspostavimo jasnu komunikaciju: Poznavanje va\u0161e ponude vam omogu\u0107ava da jasno komunicirate njene benefite i osobine ka klju\u010dnim korisnicima i drugim potencijalnim ciljnim grupama. Jasno\u0107a vam poma\u017ee u efektivnoj komunikaciji i efektivnoj promociji [&hellip;]<\/p>\n","protected":false},"author":3,"featured_media":0,"parent":0,"menu_order":0,"comment_status":"closed","ping_status":"closed","template":"","meta":{"_et_pb_use_builder":"on","_et_pb_old_content":"","_et_gb_content_width":"","footnotes":""},"class_list":["post-787","page","type-page","status-publish","hentry"],"_links":{"self":[{"href":"https:\/\/cet-project.eu\/index.php?rest_route=\/wp\/v2\/pages\/787","targetHints":{"allow":["GET"]}}],"collection":[{"href":"https:\/\/cet-project.eu\/index.php?rest_route=\/wp\/v2\/pages"}],"about":[{"href":"https:\/\/cet-project.eu\/index.php?rest_route=\/wp\/v2\/types\/page"}],"author":[{"embeddable":true,"href":"https:\/\/cet-project.eu\/index.php?rest_route=\/wp\/v2\/users\/3"}],"replies":[{"embeddable":true,"href":"https:\/\/cet-project.eu\/index.php?rest_route=%2Fwp%2Fv2%2Fcomments&post=787"}],"version-history":[{"count":4,"href":"https:\/\/cet-project.eu\/index.php?rest_route=\/wp\/v2\/pages\/787\/revisions"}],"predecessor-version":[{"id":1038,"href":"https:\/\/cet-project.eu\/index.php?rest_route=\/wp\/v2\/pages\/787\/revisions\/1038"}],"wp:attachment":[{"href":"https:\/\/cet-project.eu\/index.php?rest_route=%2Fwp%2Fv2%2Fmedia&parent=787"}],"curies":[{"name":"wp","href":"https:\/\/api.w.org\/{rel}","templated":true}]}}