{"id":793,"date":"2024-11-14T14:24:30","date_gmt":"2024-11-14T14:24:30","guid":{"rendered":"https:\/\/cet-project.eu\/?page_id=793"},"modified":"2024-12-22T00:10:07","modified_gmt":"2024-12-22T00:10:08","slug":"m11-sr","status":"publish","type":"page","link":"https:\/\/cet-project.eu\/?page_id=793&lang=sr","title":{"rendered":"M11 &#8211; SR"},"content":{"rendered":"<p>[et_pb_section fb_built=&#8221;1&#8243; _builder_version=&#8221;4.24.0&#8243; _module_preset=&#8221;default&#8221; custom_padding=&#8221;25px||2px|||&#8221; global_colors_info=&#8221;{}&#8221;][et_pb_row make_equal=&#8221;on&#8221; _builder_version=&#8221;4.27.0&#8243; _module_preset=&#8221;default&#8221; custom_padding=&#8221;27px|||||&#8221; global_colors_info=&#8221;{}&#8221;][et_pb_column type=&#8221;4_4&#8243; _builder_version=&#8221;4.24.0&#8243; _module_preset=&#8221;default&#8221; global_colors_info=&#8221;{}&#8221;][et_pb_heading title=&#8221;Poruka u boci: Poruka vredna hiljadu re\u010di&#8221; _builder_version=&#8221;4.27.0&#8243; _module_preset=&#8221;default&#8221; title_font=&#8221;Carme|700|||||||&#8221; title_text_align=&#8221;center&#8221; title_text_color=&#8221;#167092&#8243; title_font_size=&#8221;50px&#8221; global_colors_info=&#8221;{}&#8221;][\/et_pb_heading][\/et_pb_column][\/et_pb_row][et_pb_row make_equal=&#8221;on&#8221; _builder_version=&#8221;4.27.0&#8243; _module_preset=&#8221;default&#8221; custom_padding=&#8221;0px||||false|false&#8221; global_colors_info=&#8221;{}&#8221;][et_pb_column type=&#8221;4_4&#8243; _builder_version=&#8221;4.27.0&#8243; _module_preset=&#8221;default&#8221; global_colors_info=&#8221;{}&#8221;][et_pb_text _builder_version=&#8221;4.27.0&#8243; _module_preset=&#8221;default&#8221; text_font=&#8221;Carme||||||||&#8221; text_font_size=&#8221;18px&#8221; text_orientation=&#8221;justified&#8221; custom_padding=&#8221;0px||||false|false&#8221; custom_css_main_element=&#8221;strong {||  color: #f49d1e;||  text-decoration: underline;||  text-decoration-color: #167092;||}&#8221; global_colors_info=&#8221;{}&#8221;]<\/p>\n<p>Efektivna komunikacija je neophodna za svaki odnos, bilo da se radi o pojedincima, neformalnim grupama, komunikaciji izme\u0111u lidera i ljudi kojima oni upravljaju i naravno &#8211; izme\u0111u organizacija i njihovih korisnika.<\/p>\n<p>Ono \u0161to se \u010desto de\u0161ava, posebno u doba u kojem imamo mno\u0161tvo razli\u010ditih metoda komunikacije na raspolaganju, jeste da smo skloni da previ\u0161e komplikujemo iskustvo na\u0161e publike ne trude\u0107i se dovoljno ili poku\u0161avaju\u0107i da uradimo previ\u0161e.<\/p>\n<p>[\/et_pb_text][\/et_pb_column][\/et_pb_row][et_pb_row column_structure=&#8221;1_2,1_2&#8243; make_equal=&#8221;on&#8221; _builder_version=&#8221;4.27.0&#8243; _module_preset=&#8221;default&#8221; custom_padding=&#8221;0px||||false|false&#8221; global_colors_info=&#8221;{}&#8221;][et_pb_column type=&#8221;1_2&#8243; _builder_version=&#8221;4.27.0&#8243; _module_preset=&#8221;default&#8221; global_colors_info=&#8221;{}&#8221;][et_pb_text _builder_version=&#8221;4.27.0&#8243; _module_preset=&#8221;default&#8221; text_font=&#8221;Carme||||||||&#8221; text_font_size=&#8221;18px&#8221; text_orientation=&#8221;justified&#8221; custom_padding=&#8221;0px||||false|false&#8221; custom_css_main_element=&#8221;strong {||  color: #f49d1e;||}||||ul li::marker {||  color: #167092;||}&#8221; global_colors_info=&#8221;{}&#8221;]<\/p>\n<p>Naravno, mo\u017eete odlu\u010diti \u0161ta je najprikladnije za vas ali va\u017eno je da su va\u0161e poruke:<\/p>\n<ul>\n<li>u skladu sa \u0161irom slikom \u2013 va\u0161om vizijom i svrhom<\/li>\n<li>u me\u0111usobnom skladu<\/li>\n<li>da ih koristite konzistentno<\/li>\n<\/ul>\n<p>[\/et_pb_text][\/et_pb_column][et_pb_column type=&#8221;1_2&#8243; _builder_version=&#8221;4.27.0&#8243; _module_preset=&#8221;default&#8221; global_colors_info=&#8221;{}&#8221;][et_pb_image src=&#8221;https:\/\/cet-project.eu\/wp-content\/uploads\/2024\/08\/Cet-39.png&#8221; title_text=&#8221;Cet (39)&#8221; align=&#8221;center&#8221; _builder_version=&#8221;4.27.0&#8243; _module_preset=&#8221;default&#8221; width=&#8221;51%&#8221; global_colors_info=&#8221;{}&#8221;][\/et_pb_image][\/et_pb_column][\/et_pb_row][et_pb_row make_equal=&#8221;on&#8221; _builder_version=&#8221;4.27.0&#8243; _module_preset=&#8221;default&#8221; custom_padding=&#8221;0px||||false|false&#8221; global_colors_info=&#8221;{}&#8221;][et_pb_column type=&#8221;4_4&#8243; _builder_version=&#8221;4.27.0&#8243; _module_preset=&#8221;default&#8221; global_colors_info=&#8221;{}&#8221;][et_pb_text _builder_version=&#8221;4.27.0&#8243; _module_preset=&#8221;default&#8221; text_font=&#8221;Carme||||||||&#8221; text_font_size=&#8221;18px&#8221; text_orientation=&#8221;justified&#8221; custom_padding=&#8221;0px||||false|false&#8221; custom_css_main_element=&#8221;strong {||  color: #f49d1e;||  text-decoration: underline;||  text-decoration-color: #167092;||}&#8221; global_colors_info=&#8221;{}&#8221;]<\/p>\n<p>Klju\u010dna poruka mo\u017ee biti \u0161ta god vi \u017eelite da bude u smislu sadr\u017eaja ili teme, po\u0161to ste vi gospodar svog univerzuma, ali pomo\u0107i \u0107e vam ako se budete pridr\u017eavali nekih pravila u njenom kreiranju jer su ona zasnovana na iskustvima mnogih koji nisu uspeli i koji su nau\u010dili ovo pre vas.<\/p>\n<p>O\u010digledno je da \u0107e va\u0161a publika biti va\u0161 najbolji kriti\u010dar i, na sre\u0107u, u digitalnoj areni je lako odmah videti da li ono \u0161to govorite ima odjeka kod va\u0161e publike. Zato testirajte svoj sadr\u017eaj sa svojom ciljnom grupom i prilagodite ga na osnovu njihovih povratnih informacija.<\/p>\n<p>[\/et_pb_text][\/et_pb_column][\/et_pb_row][et_pb_row make_equal=&#8221;on&#8221; _builder_version=&#8221;4.27.0&#8243; _module_preset=&#8221;default&#8221; custom_padding=&#8221;27px|||||&#8221; global_colors_info=&#8221;{}&#8221;][et_pb_column type=&#8221;4_4&#8243; _builder_version=&#8221;4.24.0&#8243; _module_preset=&#8221;default&#8221; global_colors_info=&#8221;{}&#8221;][et_pb_heading title=&#8221;Sastavljanje va\u0161ih klju\u010dnih poruka: zabavan i kolaborativan proces&#8221; _builder_version=&#8221;4.27.0&#8243; _module_preset=&#8221;default&#8221; title_font=&#8221;Carme|700|||||||&#8221; title_text_align=&#8221;center&#8221; title_text_color=&#8221;#167092&#8243; title_font_size=&#8221;50px&#8221; global_colors_info=&#8221;{}&#8221;][\/et_pb_heading][\/et_pb_column][\/et_pb_row][et_pb_row column_structure=&#8221;1_4,3_4&#8243; make_equal=&#8221;on&#8221; _builder_version=&#8221;4.27.0&#8243; _module_preset=&#8221;default&#8221; custom_padding=&#8221;26px||||false|false&#8221; global_colors_info=&#8221;{}&#8221;][et_pb_column type=&#8221;1_4&#8243; _builder_version=&#8221;4.27.0&#8243; _module_preset=&#8221;default&#8221; global_colors_info=&#8221;{}&#8221;][et_pb_image src=&#8221;https:\/\/cet-project.eu\/wp-content\/uploads\/2024\/08\/Cet-40.png&#8221; title_text=&#8221;Cet (40)&#8221; _builder_version=&#8221;4.27.0&#8243; _module_preset=&#8221;default&#8221; global_colors_info=&#8221;{}&#8221;][\/et_pb_image][\/et_pb_column][et_pb_column type=&#8221;3_4&#8243; _builder_version=&#8221;4.27.0&#8243; _module_preset=&#8221;default&#8221; global_colors_info=&#8221;{}&#8221;][et_pb_text _builder_version=&#8221;4.27.0&#8243; _module_preset=&#8221;default&#8221; text_font=&#8221;Carme||||||||&#8221; text_font_size=&#8221;18px&#8221; text_orientation=&#8221;justified&#8221; custom_padding=&#8221;0px||30px||false|false&#8221; custom_css_main_element=&#8221;strong {||  color: #f49d1e;||  text-decoration: underline;||  text-decoration-color: #167092;||}&#8221; global_colors_info=&#8221;{}&#8221;]<\/p>\n<p>Zamislite ovo: jasne koncizne poruke koje duboko rezoniraju sa va\u0161om publikom. Poruke koje zaokupljaju njihovu pa\u017enju i inspiri\u0161u ih na akciju. Ovo stvarno zvu\u010di dobro ali sastavljanje ovako mo\u0107nih poruka ne mora da bude te\u0161ko i dosadno. Zapravo, to mo\u017ee biti zabavan i kolaborativan proces koji podsti\u010de kreativnost i vodi ka uticajnoj komunikaciji.<\/p>\n<p>Mo\u017eete sastaviti klju\u010dne poruke koje su jasne, uticajne i rezoniraju duboko sa va\u0161om ciljnom publikom tako \u0161to \u0107ete pro\u0107i kroz korake navedene u nastavku. Zapamtite da je klju\u010d uvek u tome da se zabavljate tokom procesa i da prihvatite mo\u0107 timskog rada.<\/p>\n<p>[\/et_pb_text][\/et_pb_column][\/et_pb_row][et_pb_row make_equal=&#8221;on&#8221; _builder_version=&#8221;4.27.0&#8243; _module_preset=&#8221;default&#8221; custom_padding=&#8221;0px||||false|false&#8221; global_colors_info=&#8221;{}&#8221;][et_pb_column type=&#8221;4_4&#8243; _builder_version=&#8221;4.27.0&#8243; _module_preset=&#8221;default&#8221; global_colors_info=&#8221;{}&#8221;][et_pb_text _builder_version=&#8221;4.27.0&#8243; _module_preset=&#8221;default&#8221; text_font=&#8221;Carme||||||||&#8221; text_font_size=&#8221;18px&#8221; text_orientation=&#8221;justified&#8221; custom_padding=&#8221;0px||||false|false&#8221; custom_css_main_element=&#8221;strong {||  color: #f49d1e;||}||||ul li::marker {||  color: #167092;||}||&#8221; global_colors_info=&#8221;{}&#8221;]<\/p>\n<p><strong><em>Stvaranje va\u0161eg tima iz snova <\/em><\/strong><\/p>\n<p>Prvi korak je stvaranje va\u0161eg tima iz snova za sastavljanje poruka. Zamislite to kao sastavljanje benda \u2013 potreban vam je spoj talenta i perspektive. Da biste stvorili savr\u0161enu harmoniju, uklju\u010dite ljude koji duboko poznaju vrednosti va\u0161e organizacije. Oni \u0107e biti ti koji \u0107e osigurati da va\u0161e poruke ostanu verne va\u0161oj osnovnoj misiji. Ne potcenjujte mo\u0107 novih ideja! Pozovite glasne \u010dlanove tima, pa \u010dak i novoprido\u0161lice da donesu novu perspektivu za sto. Njihova jedinstvena gledi\u0161ta mogu vam pomo\u0107i da se pove\u017eete sa svojom publikom na neo\u010dekivane na\u010dine.<\/p>\n<p><strong><em>Postavljanje pozornice za uspeh<\/em><\/strong><\/p>\n<p>Sada kada ste okupili svoj tim iz snova, vreme je da postavite scenu za produktivnu i zanimljivu sesiju. Za ovo bi trebalo da se se potrudite da ne razmi\u0161ljate samo o pukom ispunjavanju forme. Uspostavite radionicu pisanja poruka kao uzbudljiv i va\u017ean zadatak koji \u0107e imati zna\u010dajan uticaj na uspeh va\u0161e organizacije. Neka svi budu odu\u0161evljeni izazovom koji je pred vama! Izbegnite tipi\u010dno kancelarijsko okru\u017eenje. Ako je mogu\u0107e, odr\u017eite radionicu u nekom kreativnom prostoru ili \u010dak na otvorenom. Promena pejza\u017ea mo\u017ee pokrenuti nove ideje i pomo\u0107i u\u010desnicima da se ose\u0107aju opu\u0161tenije i otvorenije za razmi\u0161ljanje. Razmislite o \u0161arenim dekoracijama, udobnim sedi\u0161tima, a mo\u017eda \u010dak i o grickalicama da biste odr\u017eali visok nivo energije.<\/p>\n<p><strong><em>Kreativni proces<\/em><\/strong><\/p>\n<p>Evo kako da osigurate da va\u0161a sesija bude produktivna i zabavna:\u00a0<\/p>\n<ul>\n<li>Posvetite dovoljno vremena otvorenim diskusijama. Podstaknite sve da podele svoje ideje, bez obzira na to koliko mo\u017eda \u010dudno izgledaju na prvi pogled. Zapamtite \u2013 cilj je da se istra\u017ee sve mogu\u0107nosti i da se podstakne kreativnost.<\/li>\n<li>Budite otvoreni za sve ideje \u010dak i ako na prvi pogled deluju nekonvencionalno. Ponekad neo\u010dekivani predlozi vode do prelomnih trenutaka. Ne dozvolite da vas sputaju rigidni pristupi i prigrlite mo\u0107 saradnje.<\/li>\n<\/ul>\n<p><strong><em>Razumevanje va\u0161e publike<\/em><\/strong><\/p>\n<p>Najbolje poruke su one koje rezoniraju sa va\u0161om ciljnom publikom. Dakle, pre nego \u0161to finalizujete svoje klju\u010dne poruke, odvojite malo vremena da u\u0111ete u njihovu ko\u017eu. Razmotrite sli\u010dnosti i razlike izme\u0111u segmenata va\u0161e ciljne publike. Koje su njihove potrebe, vrednosti i izazovi? Kakav \u0107e jezik sa njima rezonirati? Napravite korak dalje u kreiranju poruke tako \u0161to \u0107ete pozvati neke \u010dlanove svoje ciljne publike na kratke intervjue. Poka\u017eite im poruke koje ste razvili i saznajte kako razmi\u0161ljaju. Ove dragocene povratne informacije mogu vam pomo\u0107i da specificirate svoje poruke i osigurate da se one zaista povezuju sa ljudima kojima \u017eelite da se obratite.<\/p>\n<p><strong><em>Mo\u0107 pozitivnog stava<\/em><\/strong><\/p>\n<p>\u010cak i ozbiljne poruke mogu biti isporu\u010dene na na\u010din koji je zanimljiv i nezaboravan. Evo tajne \u2013 nemojte se pla\u0161iti da unesete malo humora ili li\u010dnog u svoje poruke. Opu\u0161ten pristup mo\u017ee u\u010diniti va\u0161u poruku pristupa\u010dnijom i ostaviti trajan utisak na va\u0161u publiku.<\/p>\n<p><strong>\u0160ta je dobra klju\u010dna poruka?<\/strong><\/p>\n<p>Efektivna klju\u010dna poruka je:<\/p>\n<ul>\n<li><strong>KONCIZNA<\/strong>: Radi se o 1-2 re\u010denice sa maksimalno tri zapete<\/li>\n<li><strong>UBEDLJIVA<\/strong>: Va\u0161a publika treba da po\u017eeli da sazna vi\u0161e nakon \u010ditanja va\u0161e poruke<\/li>\n<li><strong>RELEVANTNA<\/strong>: Ovo je neophodna informacija i nije mesto gde treba da da poku\u0161ate da uglavite sve ono \u0161to \u017eelite da ka\u017eete<\/li>\n<li><strong>FOKUSIRANA NA VREDNOST.<\/strong><\/li>\n<\/ul>\n<p>[\/et_pb_text][et_pb_video src=&#8221;https:\/\/www.youtube.com\/watch?v=CrwH0qXEPtU&#8221; _builder_version=&#8221;4.27.0&#8243; _module_preset=&#8221;default&#8221;][\/et_pb_video][\/et_pb_column][\/et_pb_row][et_pb_row column_structure=&#8221;1_2,1_2&#8243; _builder_version=&#8221;4.27.0&#8243; _module_preset=&#8221;default&#8221; max_width=&#8221;1920px&#8221; global_colors_info=&#8221;{}&#8221;][et_pb_column type=&#8221;1_2&#8243; _builder_version=&#8221;4.27.0&#8243; _module_preset=&#8221;default&#8221; global_colors_info=&#8221;{}&#8221;][et_pb_button button_url=&#8221;@ET-DC@eyJkeW5hbWljIjp0cnVlLCJjb250ZW50IjoicG9zdF9saW5rX3VybF9wYWdlIiwic2V0dGluZ3MiOnsicG9zdF9pZCI6Ijc5MiJ9fQ==@&#8221; button_text=&#8221;Prethodna&#8221; button_alignment=&#8221;right&#8221; _builder_version=&#8221;4.27.0&#8243; _dynamic_attributes=&#8221;button_url&#8221; _module_preset=&#8221;default&#8221; custom_button=&#8221;on&#8221; button_text_size=&#8221;18px&#8221; button_text_color=&#8221;#FFFFFF&#8221; button_bg_color=&#8221;#167092&#8243; button_border_width=&#8221;2px&#8221; button_border_color=&#8221;RGBA(255,255,255,0)&#8221; button_border_radius=&#8221;20px&#8221; button_font=&#8221;||||||||&#8221; button_icon=&#8221;&#x23;||divi||400&#8243; button_icon_placement=&#8221;left&#8221; global_colors_info=&#8221;{}&#8221; transform_styles__hover_enabled=&#8221;on|desktop&#8221; transform_scale__hover_enabled=&#8221;on|desktop&#8221; transform_translate__hover_enabled=&#8221;on|desktop&#8221; transform_rotate__hover_enabled=&#8221;on|desktop&#8221; transform_skew__hover_enabled=&#8221;on|desktop&#8221; transform_origin__hover_enabled=&#8221;on|desktop&#8221; button_bg_color__hover_enabled=&#8221;on|hover&#8221; button_bg_color__hover=&#8221;#F49D1E&#8221; button_bg_enable_color__hover=&#8221;on&#8221; transform_scale__hover=&#8221;105%|105%&#8221;][\/et_pb_button][\/et_pb_column][et_pb_column type=&#8221;1_2&#8243; _builder_version=&#8221;4.27.0&#8243; _module_preset=&#8221;default&#8221; global_colors_info=&#8221;{}&#8221;][et_pb_button button_url=&#8221;@ET-DC@eyJkeW5hbWljIjp0cnVlLCJjb250ZW50IjoicG9zdF9saW5rX3VybF9wYWdlIiwic2V0dGluZ3MiOnsicG9zdF9pZCI6Ijc5NCJ9fQ==@&#8221; button_text=&#8221;Slede\u0107a&#8221; button_alignment=&#8221;left&#8221; _builder_version=&#8221;4.27.0&#8243; _dynamic_attributes=&#8221;button_url&#8221; _module_preset=&#8221;default&#8221; custom_button=&#8221;on&#8221; button_text_size=&#8221;18px&#8221; button_text_color=&#8221;#FFFFFF&#8221; button_bg_color=&#8221;#167092&#8243; button_border_width=&#8221;2px&#8221; button_border_color=&#8221;RGBA(255,255,255,0)&#8221; button_border_radius=&#8221;20px&#8221; button_font=&#8221;||||||||&#8221; button_icon=&#8221;&#x24;||divi||400&#8243; custom_padding=&#8221;|34px||34px|false|true&#8221; global_colors_info=&#8221;{}&#8221; transform_styles__hover_enabled=&#8221;on|desktop&#8221; transform_scale__hover_enabled=&#8221;on|desktop&#8221; transform_translate__hover_enabled=&#8221;on|desktop&#8221; transform_rotate__hover_enabled=&#8221;on|desktop&#8221; transform_skew__hover_enabled=&#8221;on|desktop&#8221; transform_origin__hover_enabled=&#8221;on|desktop&#8221; button_bg_color__hover_enabled=&#8221;on|desktop&#8221; button_bg_color__hover=&#8221;#F49D1E&#8221; button_bg_enable_color__hover=&#8221;on&#8221; transform_scale__hover=&#8221;105%|105%&#8221;][\/et_pb_button][\/et_pb_column][\/et_pb_row][\/et_pb_section]<\/p>\n","protected":false},"excerpt":{"rendered":"<p>Efektivna komunikacija je neophodna za svaki odnos, bilo da se radi o pojedincima, neformalnim grupama, komunikaciji izme\u0111u lidera i ljudi kojima oni upravljaju i naravno &#8211; izme\u0111u organizacija i njihovih korisnika. Ono \u0161to se \u010desto de\u0161ava, posebno u doba u kojem imamo mno\u0161tvo razli\u010ditih metoda komunikacije na raspolaganju, jeste da smo skloni da previ\u0161e komplikujemo [&hellip;]<\/p>\n","protected":false},"author":3,"featured_media":0,"parent":0,"menu_order":0,"comment_status":"closed","ping_status":"closed","template":"","meta":{"_et_pb_use_builder":"on","_et_pb_old_content":"","_et_gb_content_width":"","footnotes":""},"class_list":["post-793","page","type-page","status-publish","hentry"],"_links":{"self":[{"href":"https:\/\/cet-project.eu\/index.php?rest_route=\/wp\/v2\/pages\/793","targetHints":{"allow":["GET"]}}],"collection":[{"href":"https:\/\/cet-project.eu\/index.php?rest_route=\/wp\/v2\/pages"}],"about":[{"href":"https:\/\/cet-project.eu\/index.php?rest_route=\/wp\/v2\/types\/page"}],"author":[{"embeddable":true,"href":"https:\/\/cet-project.eu\/index.php?rest_route=\/wp\/v2\/users\/3"}],"replies":[{"embeddable":true,"href":"https:\/\/cet-project.eu\/index.php?rest_route=%2Fwp%2Fv2%2Fcomments&post=793"}],"version-history":[{"count":4,"href":"https:\/\/cet-project.eu\/index.php?rest_route=\/wp\/v2\/pages\/793\/revisions"}],"predecessor-version":[{"id":1311,"href":"https:\/\/cet-project.eu\/index.php?rest_route=\/wp\/v2\/pages\/793\/revisions\/1311"}],"wp:attachment":[{"href":"https:\/\/cet-project.eu\/index.php?rest_route=%2Fwp%2Fv2%2Fmedia&parent=793"}],"curies":[{"name":"wp","href":"https:\/\/api.w.org\/{rel}","templated":true}]}}