{"id":796,"date":"2024-11-14T14:35:58","date_gmt":"2024-11-14T14:35:58","guid":{"rendered":"https:\/\/cet-project.eu\/?page_id=796"},"modified":"2024-11-17T12:35:00","modified_gmt":"2024-11-17T12:35:00","slug":"m14-sr","status":"publish","type":"page","link":"https:\/\/cet-project.eu\/?page_id=796&lang=sr","title":{"rendered":"M14 &#8211; SR"},"content":{"rendered":"<p>[et_pb_section fb_built=&#8221;1&#8243; _builder_version=&#8221;4.24.0&#8243; _module_preset=&#8221;default&#8221; custom_padding=&#8221;25px||2px|||&#8221; global_colors_info=&#8221;{}&#8221;][et_pb_row make_equal=&#8221;on&#8221; _builder_version=&#8221;4.27.0&#8243; _module_preset=&#8221;default&#8221; custom_padding=&#8221;27px|||||&#8221; global_colors_info=&#8221;{}&#8221;][et_pb_column type=&#8221;4_4&#8243; _builder_version=&#8221;4.24.0&#8243; _module_preset=&#8221;default&#8221; global_colors_info=&#8221;{}&#8221;][et_pb_heading title=&#8221;Kreiranje poruke za tradicionalne medije&#8221; _builder_version=&#8221;4.27.0&#8243; _module_preset=&#8221;default&#8221; title_font=&#8221;Carme|700|||||||&#8221; title_text_align=&#8221;center&#8221; title_text_color=&#8221;#167092&#8243; title_font_size=&#8221;50px&#8221; hover_enabled=&#8221;0&#8243; global_colors_info=&#8221;{}&#8221; sticky_enabled=&#8221;0&#8243;][\/et_pb_heading][\/et_pb_column][\/et_pb_row][et_pb_row column_structure=&#8221;1_2,1_2&#8243; make_equal=&#8221;on&#8221; _builder_version=&#8221;4.27.0&#8243; _module_preset=&#8221;default&#8221; custom_padding=&#8221;0px||0px||false|false&#8221; global_colors_info=&#8221;{}&#8221;][et_pb_column type=&#8221;1_2&#8243; _builder_version=&#8221;4.27.0&#8243; _module_preset=&#8221;default&#8221; global_colors_info=&#8221;{}&#8221;][et_pb_text _builder_version=&#8221;4.27.0&#8243; _module_preset=&#8221;default&#8221; text_font=&#8221;Carme||||||||&#8221; text_font_size=&#8221;18px&#8221; text_orientation=&#8221;justified&#8221; custom_padding=&#8221;0px||||false|false&#8221; custom_css_main_element=&#8221;strong {||  color: #f49d1e;||  text-decoration: underline;||  text-decoration-color: #167092;||}&#8221; global_colors_info=&#8221;{}&#8221;]<\/p>\n<p>U vrlo specifi\u010dnim i retkim prilikama imamo priliku da predstavimo na\u0161 rad na tradicionalnim medijima. I tu ima publike za nas, ne zaboravite. Relevantnost koju dobijamo kroz tradicionalne medije je dragocena za posao koji obavljamo. Ponekad je to jedini na\u010din da do\u0111ete do odre\u0111ene ciljne grupe i tako \u0107ete prona\u0107i svoje saveznike koji vam mogu pru\u017eiti podr\u0161ku u omladinskom radu. Na primer, na ovaj na\u010din mo\u017eete do\u0107i do nekih donosilaca odluka ili roditelja i objasniti im \u0161ta radite, kako mogu da vas podr\u017ee ili dolazite do \u0161ire publike da podignete svest o temama relevantnim za mlade.<\/p>\n<p>[\/et_pb_text][\/et_pb_column][et_pb_column type=&#8221;1_2&#8243; _builder_version=&#8221;4.27.0&#8243; _module_preset=&#8221;default&#8221; global_colors_info=&#8221;{}&#8221;][et_pb_image src=&#8221;https:\/\/cet-project.eu\/wp-content\/uploads\/2024\/08\/Cet-42.png&#8221; title_text=&#8221;Cet (42)&#8221; align=&#8221;center&#8221; _builder_version=&#8221;4.27.0&#8243; _module_preset=&#8221;default&#8221; width=&#8221;44%&#8221; global_colors_info=&#8221;{}&#8221;][\/et_pb_image][\/et_pb_column][\/et_pb_row][et_pb_row make_equal=&#8221;on&#8221; _builder_version=&#8221;4.27.0&#8243; _module_preset=&#8221;default&#8221; custom_padding=&#8221;||||false|false&#8221; global_colors_info=&#8221;{}&#8221;][et_pb_column type=&#8221;4_4&#8243; _builder_version=&#8221;4.27.0&#8243; _module_preset=&#8221;default&#8221; global_colors_info=&#8221;{}&#8221;][et_pb_text _builder_version=&#8221;4.27.0&#8243; _module_preset=&#8221;default&#8221; text_font=&#8221;Carme||||||||&#8221; text_font_size=&#8221;18px&#8221; text_orientation=&#8221;justified&#8221; custom_padding=&#8221;0px||||false|false&#8221; hover_enabled=&#8221;0&#8243; custom_css_main_element=&#8221;strong {||  color: #f49d1e;||}||||ul li::marker {||  color: #167092;||}&#8221; global_colors_info=&#8221;{}&#8221; sticky_enabled=&#8221;0&#8243;]<\/p>\n<p><strong>Evo nekih klju\u010dnih strategija\u00a0 za sastavljanje poruka koje rezoniraju sa tradicionalnim medijima:<\/strong><\/p>\n<p>Jo\u0161 jednom, treba da znate svoju publiku \u2013 Iako va\u0161a poruka treba da rezonira sa va\u0161om ciljnom publikom, zapamtite da i novinari moraju da vode ra\u010duna o svojoj publici. Skrojite svoju poruku tako da se uklapa u specifi\u010dni format i ure\u0111iva\u010dku politiku medija koji targetirate. Lokalne novine bi mogle biti vi\u0161e zainteresovane za pri\u010du o uticaju va\u0161e OO na zajednicu, dok \u0107e se nacionalni progami vesti mo\u017eda vi\u0161e fokusirati na \u0161ire probleme kojima se bavi va\u0161a organizacija.<\/p>\n<p><strong>Fokusirajte se na ono \u0161to je vredno da se \u010duje u vestima <\/strong>&#8211; Identifikujte ono \u0161to va\u0161u pri\u010du \u010dini jedinstvenom, savremenom ili relevantnom za \u0161iru publiku. Naglasite one aspekte koji \u0107e privu\u0107i pa\u017enju novinara i izazvati interesovanje javnosti.<\/p>\n<p><strong>Humanizujte svoju poruku \u2013<\/strong> Prika\u017eite uticaj svog rada kroz pojedince koje osna\u017euje va\u0161a OO. Neka mladi ljudi koje je transformisao va\u0161 program govore o svojim iskustvima ili podele neke zanimljive anegdote o pozitivnim promenama koje kreira va\u0161a organizacija.<\/p>\n<p><strong>Budite koncizni i jasni \u2013<\/strong> Sastavite jasan i koncizan tekst koji se mo\u017ee lako razumeti u kratkom vremenskom roku. Izbegavajte \u017eargon ili preterano tehni\u010dki jezik i fokusirajte se na klju\u010dnu poruku koju \u017eelite da prenesete.<\/p>\n<p>Upakujte poruku pravilno \u2013 Pripremite izjavu za \u0161tampu ili medije koja pru\u017ea dodatne informacije o va\u0161oj OO, njenoj misiji i specifi\u010dnoj pri\u010di koju \u017eelite da objavite. Fotografije visokog kvaliteta i video snimci mogu tako\u0111e da budu vredna sredstva za privla\u010denje pa\u017enje novinara.<\/p>\n<p><strong>Budite uporni \u2013<\/strong> Novinari dobijaju veliki broj zahteva. Po\u0161tujte njihovo vreme i trudite se da ne budete suvi\u0161e agresivni.<\/p>\n<p>[\/et_pb_text][\/et_pb_column][\/et_pb_row][et_pb_row make_equal=&#8221;on&#8221; _builder_version=&#8221;4.27.0&#8243; _module_preset=&#8221;default&#8221; custom_padding=&#8221;27px|||||&#8221; global_colors_info=&#8221;{}&#8221;][et_pb_column type=&#8221;4_4&#8243; _builder_version=&#8221;4.24.0&#8243; _module_preset=&#8221;default&#8221; global_colors_info=&#8221;{}&#8221;][et_pb_heading title=&#8221;Obra\u0107anje va\u0161oj publici preko dru\u0161tvenih mre\u017ea&#8221; _builder_version=&#8221;4.27.0&#8243; _module_preset=&#8221;default&#8221; title_font=&#8221;Carme|700|||||||&#8221; title_text_align=&#8221;center&#8221; title_text_color=&#8221;#167092&#8243; title_font_size=&#8221;50px&#8221; hover_enabled=&#8221;0&#8243; global_colors_info=&#8221;{}&#8221; sticky_enabled=&#8221;0&#8243;][\/et_pb_heading][\/et_pb_column][\/et_pb_row][et_pb_row _builder_version=&#8221;4.27.0&#8243; _module_preset=&#8221;default&#8221; custom_padding=&#8221;0px||0px||false|false&#8221; global_colors_info=&#8221;{}&#8221;][et_pb_column type=&#8221;4_4&#8243; _builder_version=&#8221;4.27.0&#8243; _module_preset=&#8221;default&#8221; global_colors_info=&#8221;{}&#8221;][et_pb_text _builder_version=&#8221;4.27.0&#8243; _module_preset=&#8221;default&#8221; text_font=&#8221;Carme||||||||&#8221; text_font_size=&#8221;18px&#8221; text_orientation=&#8221;justified&#8221; custom_padding=&#8221;25px||||false|false&#8221; custom_css_main_element=&#8221;strong {||  color: #f49d1e;||  text-decoration: underline;||  text-decoration-color: #167092;||}&#8221; global_colors_info=&#8221;{}&#8221;]<\/p>\n<p>Dru\u0161tvene mre\u017ee su ve\u0107 dugo mo\u0107no oru\u0111e za omladinske organizacije da se pove\u017eu sa svojom publikom. Ali pejza\u017e se menja. Organski doseg, mogu\u0107nost da va\u0161 sadr\u017eaj vide va\u0161i pratioci bez pla\u0107ene promocije, stalno opada.<\/p>\n<p>[\/et_pb_text][\/et_pb_column][\/et_pb_row][et_pb_row column_structure=&#8221;1_2,1_2&#8243; _builder_version=&#8221;4.27.0&#8243; _module_preset=&#8221;default&#8221; global_colors_info=&#8221;{}&#8221;][et_pb_column type=&#8221;1_2&#8243; _builder_version=&#8221;4.27.0&#8243; _module_preset=&#8221;default&#8221; global_colors_info=&#8221;{}&#8221;][et_pb_text _builder_version=&#8221;4.27.0&#8243; _module_preset=&#8221;default&#8221; text_font=&#8221;Carme||||||||&#8221; text_font_size=&#8221;18px&#8221; text_orientation=&#8221;justified&#8221; custom_padding=&#8221;0px||||false|false&#8221; custom_css_main_element=&#8221;strong {||  color: #f49d1e;||  text-decoration: underline;||  text-decoration-color: #167092;||}&#8221; global_colors_info=&#8221;{}&#8221;]<\/p>\n<p>Ovu smenu pokre\u0107u dve glavne sile. Prvo, same platforme dru\u0161tvenih mre\u017ea neprestano razvijaju svoje algoritme. Cilj? Da date prioritet sadr\u017eaju koji odr\u017eava anga\u017eovanje korisnika i koji ih podsti\u010de da se vra\u0107aju. Drugo i mo\u017eda jo\u0161 va\u017enije, ove platforme su preduze\u0107a. Oni svoju ogromnu korisni\u010dku bazu vide kao dragocenu imovinu i \u017eele da je iskoriste kao kapital.<\/p>\n<p>[\/et_pb_text][\/et_pb_column][et_pb_column type=&#8221;1_2&#8243; _builder_version=&#8221;4.27.0&#8243; _module_preset=&#8221;default&#8221; global_colors_info=&#8221;{}&#8221;][et_pb_text _builder_version=&#8221;4.27.0&#8243; _module_preset=&#8221;default&#8221; text_font=&#8221;Carme||||||||&#8221; text_font_size=&#8221;18px&#8221; text_orientation=&#8221;justified&#8221; custom_padding=&#8221;0px||||false|false&#8221; custom_css_main_element=&#8221;strong {||  color: #f49d1e;||  text-decoration: underline;||  text-decoration-color: #167092;||}&#8221; global_colors_info=&#8221;{}&#8221;]<\/p>\n<p>Dakle, kako se ovo odra\u017eava na strategiju va\u0161e OO koja se ti\u010de dru\u0161tvenih mre\u017ea? Platforme dru\u0161tvenih mre\u017ea sve vi\u0161e favorizuju sadr\u017eaj koji dolazi iz komercijalnih izvora, \u0161to podrazumeva sadr\u017eaj koji se sponzori\u0161e ili pla\u0107a. Ve\u0107a je verovatno\u0107a da \u0107e se ovaj sadr\u017eaj pojaviti u vestima va\u0161e publike, dok se organski sadr\u017eaj, na koji se omladinske organizacije tradicionalno oslanjaju, mo\u017ee izgubiti u nasumi\u010dnom redosledu objava.<\/p>\n<p>[\/et_pb_text][\/et_pb_column][\/et_pb_row][et_pb_row _builder_version=&#8221;4.27.0&#8243; _module_preset=&#8221;default&#8221; custom_padding=&#8221;0px||0px||false|false&#8221; global_colors_info=&#8221;{}&#8221;][et_pb_column type=&#8221;4_4&#8243; _builder_version=&#8221;4.27.0&#8243; _module_preset=&#8221;default&#8221; global_colors_info=&#8221;{}&#8221;][et_pb_text _builder_version=&#8221;4.27.0&#8243; _module_preset=&#8221;default&#8221; text_font=&#8221;Carme||||||||&#8221; text_font_size=&#8221;18px&#8221; text_orientation=&#8221;justified&#8221; custom_padding=&#8221;0px||||false|false&#8221; hover_enabled=&#8221;0&#8243; custom_css_main_element=&#8221;strong {||  color: #f49d1e;||  text-decoration: underline;||  text-decoration-color: #167092;||}&#8221; global_colors_info=&#8221;{}&#8221; sticky_enabled=&#8221;0&#8243;]<\/p>\n<p>Ovo jasno implicira slede\u0107e: ako \u017eelite da se va\u0161a poruka \u010duje, mo\u017eda \u0107e biti potrebno da razmotrite pla\u0107enu promociju pored uobi\u010dajenih objava sa organskim anga\u017eovanjem. Ovo ne zna\u010di da treba potpuno da napustite organski doseg. Me\u0111utim, ako shvatite promene okru\u017eenja na dru\u0161tvenim mre\u017eama, bi\u0107e vam lak\u0161e da razvijete sveobuhvatniju strategiju komunikacije i obezbedite da se glas va\u0161e OO i dalje \u010duje me\u0111u va\u0161om publikom.<\/p>\n<p>[\/et_pb_text][\/et_pb_column][\/et_pb_row][et_pb_row column_structure=&#8221;1_2,1_2&#8243; _builder_version=&#8221;4.27.0&#8243; _module_preset=&#8221;default&#8221; max_width=&#8221;1920px&#8221; global_colors_info=&#8221;{}&#8221;][et_pb_column type=&#8221;1_2&#8243; _builder_version=&#8221;4.27.0&#8243; _module_preset=&#8221;default&#8221; global_colors_info=&#8221;{}&#8221;][et_pb_button button_url=&#8221;@ET-DC@eyJkeW5hbWljIjp0cnVlLCJjb250ZW50IjoicG9zdF9saW5rX3VybF9wYWdlIiwic2V0dGluZ3MiOnsicG9zdF9pZCI6Ijc5NSJ9fQ==@&#8221; button_text=&#8221;Prethodna&#8221; button_alignment=&#8221;right&#8221; _builder_version=&#8221;4.27.0&#8243; _dynamic_attributes=&#8221;button_url&#8221; _module_preset=&#8221;default&#8221; custom_button=&#8221;on&#8221; button_text_size=&#8221;18px&#8221; button_text_color=&#8221;#FFFFFF&#8221; button_bg_color=&#8221;#167092&#8243; button_border_width=&#8221;2px&#8221; button_border_color=&#8221;RGBA(255,255,255,0)&#8221; button_border_radius=&#8221;20px&#8221; button_font=&#8221;||||||||&#8221; button_icon=&#8221;&#x23;||divi||400&#8243; button_icon_placement=&#8221;left&#8221; hover_enabled=&#8221;0&#8243; global_colors_info=&#8221;{}&#8221; transform_styles__hover_enabled=&#8221;on|desktop&#8221; transform_scale__hover_enabled=&#8221;on|desktop&#8221; transform_translate__hover_enabled=&#8221;on|desktop&#8221; transform_rotate__hover_enabled=&#8221;on|desktop&#8221; transform_skew__hover_enabled=&#8221;on|desktop&#8221; transform_origin__hover_enabled=&#8221;on|desktop&#8221; button_bg_color__hover_enabled=&#8221;on|hover&#8221; button_bg_color__hover=&#8221;#F49D1E&#8221; button_bg_enable_color__hover=&#8221;on&#8221; transform_scale__hover=&#8221;105%|105%&#8221; sticky_enabled=&#8221;0&#8243;][\/et_pb_button][\/et_pb_column][et_pb_column type=&#8221;1_2&#8243; _builder_version=&#8221;4.27.0&#8243; _module_preset=&#8221;default&#8221; global_colors_info=&#8221;{}&#8221;][et_pb_button button_url=&#8221;@ET-DC@eyJkeW5hbWljIjp0cnVlLCJjb250ZW50IjoicG9zdF9saW5rX3VybF9wYWdlIiwic2V0dGluZ3MiOnsicG9zdF9pZCI6Ijc5NyJ9fQ==@&#8221; button_text=&#8221;Slede\u0107a&#8221; button_alignment=&#8221;left&#8221; _builder_version=&#8221;4.27.0&#8243; _dynamic_attributes=&#8221;button_url&#8221; _module_preset=&#8221;default&#8221; custom_button=&#8221;on&#8221; button_text_size=&#8221;18px&#8221; button_text_color=&#8221;#FFFFFF&#8221; button_bg_color=&#8221;#167092&#8243; button_border_width=&#8221;2px&#8221; button_border_color=&#8221;RGBA(255,255,255,0)&#8221; button_border_radius=&#8221;20px&#8221; button_font=&#8221;||||||||&#8221; button_icon=&#8221;&#x24;||divi||400&#8243; custom_padding=&#8221;|34px||34px|false|true&#8221; hover_enabled=&#8221;0&#8243; global_colors_info=&#8221;{}&#8221; transform_styles__hover_enabled=&#8221;on|desktop&#8221; transform_scale__hover_enabled=&#8221;on|desktop&#8221; transform_translate__hover_enabled=&#8221;on|desktop&#8221; transform_rotate__hover_enabled=&#8221;on|desktop&#8221; transform_skew__hover_enabled=&#8221;on|desktop&#8221; transform_origin__hover_enabled=&#8221;on|desktop&#8221; button_bg_color__hover_enabled=&#8221;on|desktop&#8221; button_bg_color__hover=&#8221;#F49D1E&#8221; button_bg_enable_color__hover=&#8221;on&#8221; transform_scale__hover=&#8221;105%|105%&#8221; sticky_enabled=&#8221;0&#8243;][\/et_pb_button][\/et_pb_column][\/et_pb_row][\/et_pb_section]<\/p>\n","protected":false},"excerpt":{"rendered":"<p>U vrlo specifi\u010dnim i retkim prilikama imamo priliku da predstavimo na\u0161 rad na tradicionalnim medijima. I tu ima publike za nas, ne zaboravite. Relevantnost koju dobijamo kroz tradicionalne medije je dragocena za posao koji obavljamo. Ponekad je to jedini na\u010din da do\u0111ete do odre\u0111ene ciljne grupe i tako \u0107ete prona\u0107i svoje saveznike koji vam mogu [&hellip;]<\/p>\n","protected":false},"author":3,"featured_media":0,"parent":0,"menu_order":0,"comment_status":"closed","ping_status":"closed","template":"","meta":{"_et_pb_use_builder":"on","_et_pb_old_content":"","_et_gb_content_width":"","footnotes":""},"class_list":["post-796","page","type-page","status-publish","hentry"],"_links":{"self":[{"href":"https:\/\/cet-project.eu\/index.php?rest_route=\/wp\/v2\/pages\/796","targetHints":{"allow":["GET"]}}],"collection":[{"href":"https:\/\/cet-project.eu\/index.php?rest_route=\/wp\/v2\/pages"}],"about":[{"href":"https:\/\/cet-project.eu\/index.php?rest_route=\/wp\/v2\/types\/page"}],"author":[{"embeddable":true,"href":"https:\/\/cet-project.eu\/index.php?rest_route=\/wp\/v2\/users\/3"}],"replies":[{"embeddable":true,"href":"https:\/\/cet-project.eu\/index.php?rest_route=%2Fwp%2Fv2%2Fcomments&post=796"}],"version-history":[{"count":3,"href":"https:\/\/cet-project.eu\/index.php?rest_route=\/wp\/v2\/pages\/796\/revisions"}],"predecessor-version":[{"id":1055,"href":"https:\/\/cet-project.eu\/index.php?rest_route=\/wp\/v2\/pages\/796\/revisions\/1055"}],"wp:attachment":[{"href":"https:\/\/cet-project.eu\/index.php?rest_route=%2Fwp%2Fv2%2Fmedia&parent=796"}],"curies":[{"name":"wp","href":"https:\/\/api.w.org\/{rel}","templated":true}]}}