{"id":798,"date":"2024-11-14T14:37:06","date_gmt":"2024-11-14T14:37:06","guid":{"rendered":"https:\/\/cet-project.eu\/?page_id=798"},"modified":"2024-12-22T00:13:20","modified_gmt":"2024-12-22T00:13:20","slug":"m16-sr","status":"publish","type":"page","link":"https:\/\/cet-project.eu\/?page_id=798&lang=sr","title":{"rendered":"M16 &#8211; SR"},"content":{"rendered":"<p>[et_pb_section fb_built=&#8221;1&#8243; _builder_version=&#8221;4.24.0&#8243; _module_preset=&#8221;default&#8221; custom_padding=&#8221;25px||2px|||&#8221; global_colors_info=&#8221;{}&#8221;][et_pb_row make_equal=&#8221;on&#8221; _builder_version=&#8221;4.27.0&#8243; _module_preset=&#8221;default&#8221; custom_padding=&#8221;27px|||||&#8221; global_colors_info=&#8221;{}&#8221;][et_pb_column type=&#8221;4_4&#8243; _builder_version=&#8221;4.24.0&#8243; _module_preset=&#8221;default&#8221; global_colors_info=&#8221;{}&#8221;][et_pb_heading title=&#8221; Kako da pravilno odaberete kanal komunikacije &#8221; _builder_version=&#8221;4.27.0&#8243; _module_preset=&#8221;default&#8221; title_font=&#8221;Carme|700|||||||&#8221; title_text_align=&#8221;center&#8221; title_text_color=&#8221;#167092&#8243; title_font_size=&#8221;50px&#8221; global_colors_info=&#8221;{}&#8221;][\/et_pb_heading][\/et_pb_column][\/et_pb_row][et_pb_row column_structure=&#8221;1_2,1_2&#8243; make_equal=&#8221;on&#8221; _builder_version=&#8221;4.27.0&#8243; _module_preset=&#8221;default&#8221; custom_padding=&#8221;0px||0px||false|false&#8221; global_colors_info=&#8221;{}&#8221;][et_pb_column type=&#8221;1_2&#8243; _builder_version=&#8221;4.27.0&#8243; _module_preset=&#8221;default&#8221; global_colors_info=&#8221;{}&#8221;][et_pb_image src=&#8221;https:\/\/cet-project.eu\/wp-content\/uploads\/2024\/08\/Cet-44.png&#8221; title_text=&#8221;Cet (44)&#8221; align=&#8221;center&#8221; _builder_version=&#8221;4.27.0&#8243; _module_preset=&#8221;default&#8221; width=&#8221;44%&#8221; global_colors_info=&#8221;{}&#8221;][\/et_pb_image][\/et_pb_column][et_pb_column type=&#8221;1_2&#8243; _builder_version=&#8221;4.27.0&#8243; _module_preset=&#8221;default&#8221; global_colors_info=&#8221;{}&#8221;][et_pb_text _builder_version=&#8221;4.27.0&#8243; _module_preset=&#8221;default&#8221; text_font=&#8221;Carme||||||||&#8221; text_font_size=&#8221;18px&#8221; text_orientation=&#8221;justified&#8221; custom_padding=&#8221;0px||||false|false&#8221; custom_css_main_element=&#8221;strong {||  color: #f49d1e;||  text-decoration: underline;||  text-decoration-color: #167092;||}&#8221; global_colors_info=&#8221;{}&#8221;]<\/p>\n<p>Odabir pravog kanala komunikacije podrazumeva razmatranje odre\u0111enih klju\u010dnih faktora koji obezbe\u0111uju da poruka bude efektivno poslata i primljena. Princip je isti za sve vrste organizacija. U nastavku su faktori koje treba uzeti u obzir i koji \u0107e vam pomo\u0107i da izaberete prikladan kanal komunikacije.<\/p>\n<p>[\/et_pb_text][\/et_pb_column][\/et_pb_row][et_pb_row make_equal=&#8221;on&#8221; _builder_version=&#8221;4.27.0&#8243; _module_preset=&#8221;default&#8221; custom_padding=&#8221;||||false|false&#8221; global_colors_info=&#8221;{}&#8221;][et_pb_column type=&#8221;4_4&#8243; _builder_version=&#8221;4.27.0&#8243; _module_preset=&#8221;default&#8221; global_colors_info=&#8221;{}&#8221;][et_pb_text _builder_version=&#8221;4.27.0&#8243; _module_preset=&#8221;default&#8221; text_font=&#8221;Carme||||||||&#8221; text_font_size=&#8221;18px&#8221; text_orientation=&#8221;justified&#8221; custom_padding=&#8221;0px||||false|false&#8221; custom_css_main_element=&#8221;strong {||  color: #f49d1e;||  text-decoration: underline;||  text-decoration-color: #167092;||}&#8221; global_colors_info=&#8221;{}&#8221;]<\/p>\n<p><strong>Poznavanje publike<\/strong>:<\/p>\n<p>[\/et_pb_text][et_pb_text _builder_version=&#8221;4.27.0&#8243; _module_preset=&#8221;default&#8221; text_font=&#8221;Carme||||||||&#8221; text_font_size=&#8221;18px&#8221; text_orientation=&#8221;justified&#8221; custom_padding=&#8221;0px||||false|false&#8221; custom_css_main_element=&#8221;strong {||  color: #f49d1e;||  text-decoration: underline;||  text-decoration-color: #167092;||}&#8221; global_colors_info=&#8221;{}&#8221;]<\/p>\n<ol>\n<li><strong>Demografski podaci<\/strong>: Razmotrite uzraste, lokaciju, preferencije i navike va\u0161e ciljne publike. Mla\u0111a publika verovatno preferira dru\u0161tvene mre\u017ee, dok starija publika verovatno vi\u0161e koristi e-mail ili biltene da bi dobila informacije o va\u0161oj OO i njenoj ponudi. Ovo je samo po\u010detna pretpostavka koju periodi\u010dno mo\u017eemo da proveravamo i prilago\u0111avamo se u skladu sa dobijenim informacijama.<\/li>\n<li><strong>Preferencije<\/strong>: Odredite koje kanale va\u0161a publika koristi i preferira. Sprovedite anketu ili analizirajte prethodne interakcije da biste dobili ove informacije. Periodi\u010dno ponavljajte ankete da biste pratili promene preferencija i razvoja novih kanala.<\/li>\n<\/ol>\n<p>[\/et_pb_text][et_pb_text _builder_version=&#8221;4.27.0&#8243; _module_preset=&#8221;default&#8221; text_font=&#8221;Carme||||||||&#8221; text_font_size=&#8221;18px&#8221; text_orientation=&#8221;justified&#8221; custom_padding=&#8221;0px||||false|false&#8221; custom_css_main_element=&#8221;strong {||  color: #f49d1e;||  text-decoration: underline;||  text-decoration-color: #167092;||}&#8221; global_colors_info=&#8221;{}&#8221;]<\/p>\n<p><strong>Definisanje svrhe:<\/strong><\/p>\n<p>[\/et_pb_text][et_pb_text _builder_version=&#8221;4.27.0&#8243; _module_preset=&#8221;default&#8221; text_font=&#8221;Carme||||||||&#8221; text_font_size=&#8221;18px&#8221; text_orientation=&#8221;justified&#8221; custom_padding=&#8221;0px||||false|false&#8221; custom_css_main_element=&#8221;strong {||  color: #f49d1e;||  text-decoration: underline;||  text-decoration-color: #167092;||}&#8221; global_colors_info=&#8221;{}&#8221;]<\/p>\n<ol>\n<li><strong>Informativnost<\/strong>: Ako je cilj da se podele informacije, prikladni bi bili kanali kao \u0161to su e-mail, bilteni ili veb sajtovi. Ovi kanali mogu da budu kratkoro\u010dno, srednjero\u010dno ili dugoro\u010dno orijentisani. Mogu biti dinami\u010dni ili stati\u010dni, mogu imati za cilj ve\u0107e anga\u017eovanje i\/ili slu\u017eiti kao referentna ta\u010dka (arhiva).\n<\/li>\n<li><strong>Anga\u017eovanje<\/strong>: Za interaktivan sadr\u017eaj koji anga\u017euje publiku mogu biti efektivnije dru\u0161tvene mre\u017ee, vebinari ili doga\u0111aji u\u017eivo.\n<\/li>\n<li><strong>Hitnost<\/strong>: Za hitne poruke su najprikladnije aplikacije za slanje instant poruka, SMS ili telefonski pozivi jer skra\u0107uju vreme koje je potrebno da ne\u0161to iskomunicirate ili donesete neku odluku.<\/li>\n<\/ol>\n<p>[\/et_pb_text][\/et_pb_column][\/et_pb_row][et_pb_row column_structure=&#8221;2_5,3_5&#8243; make_equal=&#8221;on&#8221; _builder_version=&#8221;4.27.0&#8243; _module_preset=&#8221;default&#8221; custom_padding=&#8221;||||false|false&#8221; global_colors_info=&#8221;{}&#8221;][et_pb_column type=&#8221;2_5&#8243; _builder_version=&#8221;4.27.0&#8243; _module_preset=&#8221;default&#8221; global_colors_info=&#8221;{}&#8221;][et_pb_image src=&#8221;https:\/\/cet-project.eu\/wp-content\/uploads\/2024\/08\/Cet-45.png&#8221; title_text=&#8221;Cet (45)&#8221; align=&#8221;center&#8221; _builder_version=&#8221;4.27.0&#8243; _module_preset=&#8221;default&#8221; width=&#8221;54%&#8221; global_colors_info=&#8221;{}&#8221;][\/et_pb_image][\/et_pb_column][et_pb_column type=&#8221;3_5&#8243; _builder_version=&#8221;4.27.0&#8243; _module_preset=&#8221;default&#8221; global_colors_info=&#8221;{}&#8221;][et_pb_text _builder_version=&#8221;4.27.0&#8243; _module_preset=&#8221;default&#8221; text_font=&#8221;Carme||||||||&#8221; text_font_size=&#8221;18px&#8221; text_orientation=&#8221;justified&#8221; custom_padding=&#8221;0px||||false|false&#8221; custom_css_main_element=&#8221;strong {||  color: #f49d1e;||  text-decoration: underline;||  text-decoration-color: #167092;||}&#8221; global_colors_info=&#8221;{}&#8221;]<\/p>\n<p><strong>Vrste poruka:<\/strong><\/p>\n<p>[\/et_pb_text][et_pb_text _builder_version=&#8221;4.27.0&#8243; _module_preset=&#8221;default&#8221; text_font=&#8221;Carme||||||||&#8221; text_font_size=&#8221;18px&#8221; text_orientation=&#8221;justified&#8221; custom_padding=&#8221;0px||||false|false&#8221; custom_css_main_element=&#8221;strong {||  color: #f49d1e;||  text-decoration: underline;||  text-decoration-color: #167092;||}&#8221; global_colors_info=&#8221;{}&#8221;]<\/p>\n<ol>\n<li><strong>Jednostavne poruke<\/strong>: Efektivnije je koristiti direktne i usmerene kanale kao \u0161to su instant poruke ili objave na Twitter-u za slanje jednostavnih, kratkih poruka koje se lak\u0161e razumeju i iniciraju akciju me\u0111u ciljnom publikom.<\/li>\n<li><strong>Detaljne poruke<\/strong>: Za kompleksne, va\u017ene ili detaljne informacije odaberite e-mail, detaljne izve\u0161taje ili sastanke licem u lice.<\/li>\n<\/ol>\n<p>[\/et_pb_text][\/et_pb_column][\/et_pb_row][et_pb_row make_equal=&#8221;on&#8221; _builder_version=&#8221;4.27.0&#8243; _module_preset=&#8221;default&#8221; custom_padding=&#8221;||||false|false&#8221; global_colors_info=&#8221;{}&#8221;][et_pb_column type=&#8221;4_4&#8243; _builder_version=&#8221;4.27.0&#8243; _module_preset=&#8221;default&#8221; global_colors_info=&#8221;{}&#8221;][et_pb_text _builder_version=&#8221;4.27.0&#8243; _module_preset=&#8221;default&#8221; text_font=&#8221;Carme||||||||&#8221; text_font_size=&#8221;18px&#8221; text_orientation=&#8221;justified&#8221; custom_padding=&#8221;0px||||false|false&#8221; custom_css_main_element=&#8221;strong {||  color: #f49d1e;||  text-decoration: underline;||  text-decoration-color: #167092;||}&#8221; global_colors_info=&#8221;{}&#8221;]<\/p>\n<p><strong>Mogu\u0107nosti kanala:<\/strong><\/p>\n<p>[\/et_pb_text][et_pb_text _builder_version=&#8221;4.27.0&#8243; _module_preset=&#8221;default&#8221; text_font=&#8221;Carme||||||||&#8221; text_font_size=&#8221;18px&#8221; text_orientation=&#8221;justified&#8221; custom_padding=&#8221;0px||||false|false&#8221; custom_css_main_element=&#8221;strong {||  color: #f49d1e;||  text-decoration: underline;||  text-decoration-color: #167092;||}&#8221; global_colors_info=&#8221;{}&#8221;]<\/p>\n<ol>\n<li><strong>Bogatstvo kanala:<\/strong> Neki kanali omogu\u0107avaju bogatiju komunikaciju sa vizualnim i audio elementima kao \u0161to su video pozivi, prenos u\u017eivo, sastanci licem u lice. Kanali sa bogatijim nivoom komunikacije omogu\u0107avaju da se informacije odmah razmene. Oni su idealni za kompleksne, vi\u0161ezna\u010dne ili osetljive poruke gde su povratne informacije od velikog zna\u010daja. Srednje bogati kanali omogu\u0107avaju balans izme\u0111u podataka i povratnih informacija, dozvoljavaju odre\u0111eni nivo interakcije i povratnih informacija. Manje bogati kanali mogu se koristiti za jasne i nedvosmislene poruke za koje nije neophodno odmah dobiti povratne informacije.<\/li>\n<li><strong>Nivo interaktivnosti<\/strong>: Kanali koji omogu\u0107avaju dobijanje povratnih informacija odmah (npr. instant poruke ili telefonski poziv) korisni su kada nam je potrebno anga\u017eovanje u realnom vremenu.<\/li>\n<\/ol>\n<p>[\/et_pb_text][et_pb_video src=&#8221;https:\/\/www.youtube.com\/watch?v=N6ukhj0EwSs&#8221; _builder_version=&#8221;4.27.0&#8243; _module_preset=&#8221;default&#8221;][\/et_pb_video][\/et_pb_column][\/et_pb_row][et_pb_row column_structure=&#8221;1_2,1_2&#8243; _builder_version=&#8221;4.27.0&#8243; _module_preset=&#8221;default&#8221; max_width=&#8221;1920px&#8221; global_colors_info=&#8221;{}&#8221;][et_pb_column type=&#8221;1_2&#8243; _builder_version=&#8221;4.27.0&#8243; _module_preset=&#8221;default&#8221; global_colors_info=&#8221;{}&#8221;][et_pb_button button_url=&#8221;@ET-DC@eyJkeW5hbWljIjp0cnVlLCJjb250ZW50IjoicG9zdF9saW5rX3VybF9wYWdlIiwic2V0dGluZ3MiOnsicG9zdF9pZCI6Ijc5NyJ9fQ==@&#8221; button_text=&#8221;Prethodna&#8221; button_alignment=&#8221;right&#8221; _builder_version=&#8221;4.27.0&#8243; _dynamic_attributes=&#8221;button_url&#8221; _module_preset=&#8221;default&#8221; custom_button=&#8221;on&#8221; button_text_size=&#8221;18px&#8221; button_text_color=&#8221;#FFFFFF&#8221; button_bg_color=&#8221;#167092&#8243; button_border_width=&#8221;2px&#8221; button_border_color=&#8221;RGBA(255,255,255,0)&#8221; button_border_radius=&#8221;20px&#8221; button_font=&#8221;||||||||&#8221; button_icon=&#8221;&#x23;||divi||400&#8243; button_icon_placement=&#8221;left&#8221; global_colors_info=&#8221;{}&#8221; transform_styles__hover_enabled=&#8221;on|desktop&#8221; transform_scale__hover_enabled=&#8221;on|desktop&#8221; transform_translate__hover_enabled=&#8221;on|desktop&#8221; transform_rotate__hover_enabled=&#8221;on|desktop&#8221; transform_skew__hover_enabled=&#8221;on|desktop&#8221; transform_origin__hover_enabled=&#8221;on|desktop&#8221; button_bg_color__hover_enabled=&#8221;on|hover&#8221; button_bg_color__hover=&#8221;#F49D1E&#8221; button_bg_enable_color__hover=&#8221;on&#8221; transform_scale__hover=&#8221;105%|105%&#8221;][\/et_pb_button][\/et_pb_column][et_pb_column type=&#8221;1_2&#8243; _builder_version=&#8221;4.27.0&#8243; _module_preset=&#8221;default&#8221; global_colors_info=&#8221;{}&#8221;][et_pb_button button_url=&#8221;@ET-DC@eyJkeW5hbWljIjp0cnVlLCJjb250ZW50IjoicG9zdF9saW5rX3VybF9wYWdlIiwic2V0dGluZ3MiOnsicG9zdF9pZCI6Ijc5OSJ9fQ==@&#8221; button_text=&#8221;Slede\u0107a&#8221; button_alignment=&#8221;left&#8221; _builder_version=&#8221;4.27.0&#8243; _dynamic_attributes=&#8221;button_url&#8221; _module_preset=&#8221;default&#8221; custom_button=&#8221;on&#8221; button_text_size=&#8221;18px&#8221; button_text_color=&#8221;#FFFFFF&#8221; button_bg_color=&#8221;#167092&#8243; button_border_width=&#8221;2px&#8221; button_border_color=&#8221;RGBA(255,255,255,0)&#8221; button_border_radius=&#8221;20px&#8221; button_font=&#8221;||||||||&#8221; button_icon=&#8221;&#x24;||divi||400&#8243; custom_padding=&#8221;|34px||34px|false|true&#8221; global_colors_info=&#8221;{}&#8221; transform_styles__hover_enabled=&#8221;on|desktop&#8221; transform_scale__hover_enabled=&#8221;on|desktop&#8221; transform_translate__hover_enabled=&#8221;on|desktop&#8221; transform_rotate__hover_enabled=&#8221;on|desktop&#8221; transform_skew__hover_enabled=&#8221;on|desktop&#8221; transform_origin__hover_enabled=&#8221;on|desktop&#8221; button_bg_color__hover_enabled=&#8221;on|desktop&#8221; button_bg_color__hover=&#8221;#F49D1E&#8221; button_bg_enable_color__hover=&#8221;on&#8221; transform_scale__hover=&#8221;105%|105%&#8221;][\/et_pb_button][\/et_pb_column][\/et_pb_row][\/et_pb_section]<\/p>\n","protected":false},"excerpt":{"rendered":"<p>Odabir pravog kanala komunikacije podrazumeva razmatranje odre\u0111enih klju\u010dnih faktora koji obezbe\u0111uju da poruka bude efektivno poslata i primljena. Princip je isti za sve vrste organizacija. U nastavku su faktori koje treba uzeti u obzir i koji \u0107e vam pomo\u0107i da izaberete prikladan kanal komunikacije.Poznavanje publike: Demografski podaci: Razmotrite uzraste, lokaciju, preferencije i navike va\u0161e ciljne [&hellip;]<\/p>\n","protected":false},"author":3,"featured_media":0,"parent":0,"menu_order":0,"comment_status":"closed","ping_status":"closed","template":"","meta":{"_et_pb_use_builder":"on","_et_pb_old_content":"","_et_gb_content_width":"","footnotes":""},"class_list":["post-798","page","type-page","status-publish","hentry"],"_links":{"self":[{"href":"https:\/\/cet-project.eu\/index.php?rest_route=\/wp\/v2\/pages\/798","targetHints":{"allow":["GET"]}}],"collection":[{"href":"https:\/\/cet-project.eu\/index.php?rest_route=\/wp\/v2\/pages"}],"about":[{"href":"https:\/\/cet-project.eu\/index.php?rest_route=\/wp\/v2\/types\/page"}],"author":[{"embeddable":true,"href":"https:\/\/cet-project.eu\/index.php?rest_route=\/wp\/v2\/users\/3"}],"replies":[{"embeddable":true,"href":"https:\/\/cet-project.eu\/index.php?rest_route=%2Fwp%2Fv2%2Fcomments&post=798"}],"version-history":[{"count":4,"href":"https:\/\/cet-project.eu\/index.php?rest_route=\/wp\/v2\/pages\/798\/revisions"}],"predecessor-version":[{"id":1315,"href":"https:\/\/cet-project.eu\/index.php?rest_route=\/wp\/v2\/pages\/798\/revisions\/1315"}],"wp:attachment":[{"href":"https:\/\/cet-project.eu\/index.php?rest_route=%2Fwp%2Fv2%2Fmedia&parent=798"}],"curies":[{"name":"wp","href":"https:\/\/api.w.org\/{rel}","templated":true}]}}