{"id":804,"date":"2024-11-14T14:40:29","date_gmt":"2024-11-14T14:40:29","guid":{"rendered":"https:\/\/cet-project.eu\/?page_id=804"},"modified":"2024-12-22T00:39:58","modified_gmt":"2024-12-22T00:39:58","slug":"m21-sr","status":"publish","type":"page","link":"https:\/\/cet-project.eu\/?page_id=804&lang=sr","title":{"rendered":"M21 &#8211; SR"},"content":{"rendered":"<p>[et_pb_section fb_built=&#8221;1&#8243; _builder_version=&#8221;4.24.0&#8243; _module_preset=&#8221;default&#8221; custom_padding=&#8221;25px||2px|||&#8221; global_colors_info=&#8221;{}&#8221;][et_pb_row make_equal=&#8221;on&#8221; _builder_version=&#8221;4.27.0&#8243; _module_preset=&#8221;default&#8221; custom_padding=&#8221;27px|||||&#8221; global_colors_info=&#8221;{}&#8221;][et_pb_column type=&#8221;4_4&#8243; _builder_version=&#8221;4.24.0&#8243; _module_preset=&#8221;default&#8221; global_colors_info=&#8221;{}&#8221;][et_pb_heading title=&#8221;Povezivanje ljudi: Privla\u010denje i anga\u017eovanje zainteresovanih strana&#8221; _builder_version=&#8221;4.27.0&#8243; _module_preset=&#8221;default&#8221; title_font=&#8221;Carme|700|||||||&#8221; title_text_align=&#8221;center&#8221; title_text_color=&#8221;#167092&#8243; title_font_size=&#8221;50px&#8221; global_colors_info=&#8221;{}&#8221;][\/et_pb_heading][\/et_pb_column][\/et_pb_row][et_pb_row make_equal=&#8221;on&#8221; _builder_version=&#8221;4.27.0&#8243; _module_preset=&#8221;default&#8221; custom_padding=&#8221;0px||0px||false|false&#8221; global_colors_info=&#8221;{}&#8221;][et_pb_column type=&#8221;4_4&#8243; _builder_version=&#8221;4.27.0&#8243; _module_preset=&#8221;default&#8221; global_colors_info=&#8221;{}&#8221;][et_pb_text _builder_version=&#8221;4.27.0&#8243; _module_preset=&#8221;default&#8221; text_font=&#8221;Carme||||||||&#8221; text_font_size=&#8221;18px&#8221; text_orientation=&#8221;justified&#8221; custom_padding=&#8221;0px||||false|false&#8221; custom_css_main_element=&#8221;strong {||  color: #f49d1e;||  text-decoration: underline;||  text-decoration-color: #167092;||}&#8221; global_colors_info=&#8221;{}&#8221;]<\/p>\n<p>Zainteresovane strane mogu zna\u010dajno uticati na uspeh ili neuspeh projekta, inicijative ili organizacije. Dobijanje njihove podr\u0161ke i u\u010de\u0161\u0107a pokre\u0107e va\u0161u OO napred. Hajde da pogledamo primarne zainteresovane strane (na koje direktno uti\u010du na\u0161e aktivnosti) i sekundarne zainteresovane strane (na koje uti\u010demo indirektno) koje OO obi\u010dno imaju. Obratite pa\u017enju na to kako svaka kategorija doprinosi rezultatima va\u0161e OO.<\/p>\n<p>[\/et_pb_text][\/et_pb_column][\/et_pb_row][et_pb_row column_structure=&#8221;1_2,1_2&#8243; make_equal=&#8221;on&#8221; _builder_version=&#8221;4.27.0&#8243; _module_preset=&#8221;default&#8221; custom_padding=&#8221;0px||0px||false|false&#8221; global_colors_info=&#8221;{}&#8221;][et_pb_column type=&#8221;1_2&#8243; _builder_version=&#8221;4.27.0&#8243; _module_preset=&#8221;default&#8221; global_colors_info=&#8221;{}&#8221;][et_pb_image src=&#8221;https:\/\/cet-project.eu\/wp-content\/uploads\/2024\/08\/Picture9-1.png&#8221; title_text=&#8221;Picture9&#8243; align=&#8221;center&#8221; _builder_version=&#8221;4.27.0&#8243; _module_preset=&#8221;default&#8221; global_colors_info=&#8221;{}&#8221;][\/et_pb_image][\/et_pb_column][et_pb_column type=&#8221;1_2&#8243; _builder_version=&#8221;4.27.0&#8243; _module_preset=&#8221;default&#8221; global_colors_info=&#8221;{}&#8221;][et_pb_image src=&#8221;https:\/\/cet-project.eu\/wp-content\/uploads\/2024\/08\/Picture10.png&#8221; title_text=&#8221;Picture10&#8243; align=&#8221;center&#8221; _builder_version=&#8221;4.27.0&#8243; _module_preset=&#8221;default&#8221; global_colors_info=&#8221;{}&#8221;][\/et_pb_image][\/et_pb_column][\/et_pb_row][et_pb_row make_equal=&#8221;on&#8221; _builder_version=&#8221;4.27.0&#8243; _module_preset=&#8221;default&#8221; custom_padding=&#8221;||||false|false&#8221; global_colors_info=&#8221;{}&#8221;][et_pb_column type=&#8221;4_4&#8243; _builder_version=&#8221;4.27.0&#8243; _module_preset=&#8221;default&#8221; global_colors_info=&#8221;{}&#8221;][et_pb_heading title=&#8221;Kako dobiti podr\u0161ku od razli\u010ditih zainteresovanih strana&#8221; _builder_version=&#8221;4.27.0&#8243; _module_preset=&#8221;default&#8221; title_font=&#8221;Carme|700|||||||&#8221; title_text_align=&#8221;center&#8221; title_text_color=&#8221;#167092&#8243; title_font_size=&#8221;50px&#8221; global_colors_info=&#8221;{}&#8221;][\/et_pb_heading][et_pb_text _builder_version=&#8221;4.27.0&#8243; _module_preset=&#8221;default&#8221; text_font=&#8221;Carme||||||||&#8221; text_font_size=&#8221;18px&#8221; text_orientation=&#8221;justified&#8221; custom_padding=&#8221;0px||||false|false&#8221; custom_css_main_element=&#8221;strong {||  color: #f49d1e;||  text-decoration: underline;||  text-decoration-color: #167092;||}&#8221; global_colors_info=&#8221;{}&#8221;]<\/p>\n<p>Za dobijanje podr\u0161ke od razli\u010ditih zainteresovanih strana potreban je strate\u0161ki i prilago\u0111en pristup. Ovaj vodi\u010d \u0107e vam ponuditi korake i strategije koje \u0107e vam pomo\u0107i da efikasno obezbedite podr\u0161ku zainteresovanih strana. Ono \u0161to je sigurno u \u017eivotu i radu OO je da ima sve vrste zainteresovanih strana. Svi su jedinstveni, razli\u010diti i imaju svoje karakteristike i ulogu.<\/p>\n<p>&nbsp;<\/p>\n<p>Najbolji na\u010din da dobijete njihovu podr\u0161ku je &#8211; <strong>anga\u017eovanje, anga\u017eovanje i anga\u017eovanje<\/strong>! Ovo zna\u010di posve\u0107ivanje vremena zainteresovanim stranama, upoznavanje i slu\u0161anje njihovih potreba, \u017eelja, briga i preporuka.<\/p>\n<p>Pozabavite se mapiranjem zainteresovanih strana kao nacrtom va\u0161e OO. Nakon misije i vizije, mapa zainteresovanih strana je va\u0161a klju\u010dna smernica. Mapiranje se vr\u0161i identifikacijom svih potencijalnih zainteresovanih strana, uklju\u010duju\u0107i one koje imaju interes ili uticaj u va\u0161im projektima i OO. Kategorizujte ih na osnovu njihovog nivoa uticaja i interesovanja. Tek kada dobro znamo ko su zainteresovane strane (ciljna publika) mo\u017eemo po\u010deti da planiramo strategiju komunikacije na\u0161e OO.<\/p>\n<p>[\/et_pb_text][et_pb_text _builder_version=&#8221;4.27.0&#8243; _module_preset=&#8221;default&#8221; text_font=&#8221;Carme||||||||&#8221; text_font_size=&#8221;18px&#8221; text_orientation=&#8221;justified&#8221; custom_padding=&#8221;0px||||false|false&#8221; custom_css_main_element=&#8221;strong {||  color: #f49d1e;||  text-decoration: underline;||  text-decoration-color: #167092;||}&#8221; global_colors_info=&#8221;{}&#8221;]<\/p>\n<p><strong>Umre\u017eavanje i saradnja sa razli\u010ditim zainteresovanim stranama<\/strong><\/p>\n<p>[\/et_pb_text][et_pb_text _builder_version=&#8221;4.27.0&#8243; _module_preset=&#8221;default&#8221; text_font=&#8221;Carme||||||||&#8221; text_font_size=&#8221;18px&#8221; text_orientation=&#8221;justified&#8221; custom_padding=&#8221;0px||||false|false&#8221; custom_css_main_element=&#8221;strong {||  color: #f49d1e;||  text-decoration: underline;||  text-decoration-color: #167092;||}&#8221; global_colors_info=&#8221;{}&#8221;]<\/p>\n<p>Umre\u017eavanje i saradnja sa razli\u010ditim zainteresovanim stranama je od klju\u010dne va\u017enosti za uspeh projekata va\u0161e OO.<\/p>\n<p>Kada ste mapirali zainteresovane strane i kategorizovali ih prema uticaju, interesu i relevantnosti za va\u0161u OO, ove informacije \u0107ete ugraditi u svoju strategiju komunikacije i odrediti njihove karakteristike i preferencije.<\/p>\n<p>Pogledajmo jedan prakti\u010dan primer o tome kako mo\u017ee da izgleda <u>anga\u017eovanje zainteresovanih strana jedne OO<\/u>:<\/p>\n<p>&nbsp;<\/p>\n<ul>\n<li><strong>Direktni korisnici (omladina +) <\/strong>&#8211; Organizujte i uklju\u010dite mlade ljude u svoje projekte koji se ti\u010du rada u zajednici, sakupite povratne informacije koje od njih dobijete o tom projektu i zatim naglasite njihovo iskustvo i pri\u010de u biltenima, na dru\u0161tvenim mre\u017eama i doga\u0111ajima.\n<\/li>\n<li><strong>Lokalna zajednica:<\/strong> Odr\u017eavajte sastanke u gradskoj skup\u0161tini i forume u zajednici kako biste dobili povratne informacije i odgovorili na nedoumice u vezi sa javnim prostorom za lokalne omladinske inicijative.\n<\/li>\n<li><strong>Predstavnici lokalne uprave:<\/strong> Zakazujte redovne brifinge i podnesite detaljne izve\u0161taje da biste informisali predstavnike uprave i uklju\u010dili ih u va\u0161e rezultate, zastoje i razvoj projekta.\n<\/li>\n<li><strong>Zaposleni:<\/strong> Odr\u017eavajte redovne sastanke i sprovodite ankete da biste anga\u017eovali zaposlene i volontere i saslu\u0161ali njihove potrebe i sugestije.\n<\/li>\n<li><strong>Finansijeri\/Donori:<\/strong> Podnesite detaljne finansijske izve\u0161taje, organizujte sastanke finansijera i obezbedite transparentnu komunikaciju u vezi sa rezultatima, rizicima i mogu\u0107nostima.\n<\/li>\n<li><strong>Razli\u010diti partneri:<\/strong> Uspostavite kolaborativne radne grupe i sesije za zajedni\u010dko planiranje na kojima \u0107ete uskladiti ciljeve i osigurati obostranu korist.<\/li>\n<\/ul>\n<p>Kada sistemati\u010dno identifikujete, razumete i anga\u017eujete zainteresovane strane, va\u0161a OO \u0107e mo\u0107i da izgradi dobre odnose i obezbedi podr\u0161ku koja joj je neophodna da postigne svoje organizacione ciljeve ili ciljeve projekta. Svi ovi primeri predstavljaju deo va\u0161e strategije komunikacije kao strate\u0161ke aktivnosti i doga\u0111aje sa svrhom.<\/p>\n<p>[\/et_pb_text][et_pb_video src=&#8221;https:\/\/www.youtube.com\/watch?v=dFDXcDGS-kI&#8221; _builder_version=&#8221;4.27.0&#8243; _module_preset=&#8221;default&#8221; hover_enabled=&#8221;0&#8243; sticky_enabled=&#8221;0&#8243;][\/et_pb_video][\/et_pb_column][\/et_pb_row][et_pb_row column_structure=&#8221;1_2,1_2&#8243; _builder_version=&#8221;4.27.0&#8243; _module_preset=&#8221;default&#8221; max_width=&#8221;1920px&#8221; global_colors_info=&#8221;{}&#8221;][et_pb_column type=&#8221;1_2&#8243; _builder_version=&#8221;4.27.0&#8243; _module_preset=&#8221;default&#8221; global_colors_info=&#8221;{}&#8221;][et_pb_button button_url=&#8221;@ET-DC@eyJkeW5hbWljIjp0cnVlLCJjb250ZW50IjoicG9zdF9saW5rX3VybF9wYWdlIiwic2V0dGluZ3MiOnsicG9zdF9pZCI6IjgwMyJ9fQ==@&#8221; button_text=&#8221;Prethodna&#8221; button_alignment=&#8221;right&#8221; _builder_version=&#8221;4.27.0&#8243; _dynamic_attributes=&#8221;button_url&#8221; _module_preset=&#8221;default&#8221; custom_button=&#8221;on&#8221; button_text_size=&#8221;18px&#8221; button_text_color=&#8221;#FFFFFF&#8221; button_bg_color=&#8221;#167092&#8243; button_border_width=&#8221;2px&#8221; button_border_color=&#8221;RGBA(255,255,255,0)&#8221; button_border_radius=&#8221;20px&#8221; button_font=&#8221;||||||||&#8221; button_icon=&#8221;&#x23;||divi||400&#8243; button_icon_placement=&#8221;left&#8221; global_colors_info=&#8221;{}&#8221; transform_styles__hover_enabled=&#8221;on|desktop&#8221; transform_scale__hover_enabled=&#8221;on|desktop&#8221; transform_translate__hover_enabled=&#8221;on|desktop&#8221; transform_rotate__hover_enabled=&#8221;on|desktop&#8221; transform_skew__hover_enabled=&#8221;on|desktop&#8221; transform_origin__hover_enabled=&#8221;on|desktop&#8221; button_bg_color__hover_enabled=&#8221;on|hover&#8221; button_bg_color__hover=&#8221;#F49D1E&#8221; button_bg_enable_color__hover=&#8221;on&#8221; transform_scale__hover=&#8221;105%|105%&#8221;][\/et_pb_button][\/et_pb_column][et_pb_column type=&#8221;1_2&#8243; _builder_version=&#8221;4.27.0&#8243; _module_preset=&#8221;default&#8221; global_colors_info=&#8221;{}&#8221;][et_pb_button button_url=&#8221;@ET-DC@eyJkeW5hbWljIjp0cnVlLCJjb250ZW50IjoicG9zdF9saW5rX3VybF9wYWdlIiwic2V0dGluZ3MiOnsicG9zdF9pZCI6IjgwNSJ9fQ==@&#8221; button_text=&#8221;Slede\u0107a&#8221; button_alignment=&#8221;left&#8221; _builder_version=&#8221;4.27.0&#8243; _dynamic_attributes=&#8221;button_url&#8221; _module_preset=&#8221;default&#8221; custom_button=&#8221;on&#8221; button_text_size=&#8221;18px&#8221; button_text_color=&#8221;#FFFFFF&#8221; button_bg_color=&#8221;#167092&#8243; button_border_width=&#8221;2px&#8221; button_border_color=&#8221;RGBA(255,255,255,0)&#8221; button_border_radius=&#8221;20px&#8221; button_font=&#8221;||||||||&#8221; button_icon=&#8221;&#x24;||divi||400&#8243; custom_padding=&#8221;|34px||34px|false|true&#8221; global_colors_info=&#8221;{}&#8221; transform_styles__hover_enabled=&#8221;on|desktop&#8221; transform_scale__hover_enabled=&#8221;on|desktop&#8221; transform_translate__hover_enabled=&#8221;on|desktop&#8221; transform_rotate__hover_enabled=&#8221;on|desktop&#8221; transform_skew__hover_enabled=&#8221;on|desktop&#8221; transform_origin__hover_enabled=&#8221;on|desktop&#8221; button_bg_color__hover_enabled=&#8221;on|desktop&#8221; button_bg_color__hover=&#8221;#F49D1E&#8221; button_bg_enable_color__hover=&#8221;on&#8221; transform_scale__hover=&#8221;105%|105%&#8221;][\/et_pb_button][\/et_pb_column][\/et_pb_row][\/et_pb_section]<\/p>\n","protected":false},"excerpt":{"rendered":"<p>Zainteresovane strane mogu zna\u010dajno uticati na uspeh ili neuspeh projekta, inicijative ili organizacije. Dobijanje njihove podr\u0161ke i u\u010de\u0161\u0107a pokre\u0107e va\u0161u OO napred. Hajde da pogledamo primarne zainteresovane strane (na koje direktno uti\u010du na\u0161e aktivnosti) i sekundarne zainteresovane strane (na koje uti\u010demo indirektno) koje OO obi\u010dno imaju. Obratite pa\u017enju na to kako svaka kategorija doprinosi rezultatima [&hellip;]<\/p>\n","protected":false},"author":3,"featured_media":0,"parent":0,"menu_order":0,"comment_status":"closed","ping_status":"closed","template":"","meta":{"_et_pb_use_builder":"on","_et_pb_old_content":"","_et_gb_content_width":"","footnotes":""},"class_list":["post-804","page","type-page","status-publish","hentry"],"_links":{"self":[{"href":"https:\/\/cet-project.eu\/index.php?rest_route=\/wp\/v2\/pages\/804","targetHints":{"allow":["GET"]}}],"collection":[{"href":"https:\/\/cet-project.eu\/index.php?rest_route=\/wp\/v2\/pages"}],"about":[{"href":"https:\/\/cet-project.eu\/index.php?rest_route=\/wp\/v2\/types\/page"}],"author":[{"embeddable":true,"href":"https:\/\/cet-project.eu\/index.php?rest_route=\/wp\/v2\/users\/3"}],"replies":[{"embeddable":true,"href":"https:\/\/cet-project.eu\/index.php?rest_route=%2Fwp%2Fv2%2Fcomments&post=804"}],"version-history":[{"count":4,"href":"https:\/\/cet-project.eu\/index.php?rest_route=\/wp\/v2\/pages\/804\/revisions"}],"predecessor-version":[{"id":1334,"href":"https:\/\/cet-project.eu\/index.php?rest_route=\/wp\/v2\/pages\/804\/revisions\/1334"}],"wp:attachment":[{"href":"https:\/\/cet-project.eu\/index.php?rest_route=%2Fwp%2Fv2%2Fmedia&parent=804"}],"curies":[{"name":"wp","href":"https:\/\/api.w.org\/{rel}","templated":true}]}}